{"id":16,"date":"2023-05-26T10:05:58","date_gmt":"2023-05-26T02:05:58","guid":{"rendered":"https:\/\/shuliyplastic.com\/?page_id=16"},"modified":"2023-10-10T11:26:04","modified_gmt":"2023-10-10T03:26:04","slug":"contact-us","status":"publish","type":"page","link":"https:\/\/shuliyplastic.com\/tr\/contact-us\/","title":{"rendered":"Bize Ula\u015f\u0131n"},"content":{"rendered":"<div data-elementor-type=\"wp-page\" data-elementor-id=\"16\" class=\"elementor elementor-16\" data-elementor-post-type=\"page\"> \t\t\t\t<div class=\"elementor-element elementor-element-e3dc4be e-flex e-con-boxed e-con e-parent\" data-id=\"e3dc4be\" data-element_type=\"container\" data-e-type=\"container\" data-settings=\"{&quot;background_background&quot;:&quot;classic&quot;}\"> \t\t\t\t\t<div class=\"e-con-inner\"> \t\t\t\t<div class=\"elementor-element elementor-element-25823e2 elementor-widget elementor-widget-heading\" data-id=\"25823e2\" data-element_type=\"widget\" data-e-type=\"widget\" data-widget_type=\"heading.default\"> \t\t\t\t\t<h2 class=\"elementor-heading-title elementor-size-default\">Bize Ula\u015f\u0131n<\/h2>\t\t\t\t<\/div> \t\t\t\t<div class=\"elementor-element elementor-element-e290999 elementor-widget elementor-widget-shortcode\" data-id=\"e290999\" data-element_type=\"widget\" data-e-type=\"widget\" data-widget_type=\"shortcode.default\"> \t\t\t\t\t\t\t<div class=\"elementor-shortcode\"><nav aria-label=\"galeta unu\" class=\"rank-math-breadcrumb\"><p><span class=\"last\">Ev<\/span><\/p><\/nav><\/div> \t\t\t\t\t\t<\/div> \t\t\t\t\t<\/div> \t\t\t\t<\/div> \t\t<div class=\"elementor-element elementor-element-b7324b3 e-flex e-con-boxed e-con e-parent\" data-id=\"b7324b3\" data-element_type=\"container\" data-e-type=\"container\"> \t\t\t\t\t<div class=\"e-con-inner\"> \t\t<div class=\"elementor-element elementor-element-5fba641 e-con-full e-flex e-con e-child\" data-id=\"5fba641\" data-element_type=\"container\" data-e-type=\"container\"> \t\t\t\t<div class=\"elementor-element elementor-element-bb2b892 elementor-widget elementor-widget-heading\" data-id=\"bb2b892\" data-element_type=\"widget\" data-e-type=\"widget\" data-widget_type=\"heading.default\"> \t\t\t\t\t<h2 class=\"elementor-heading-title elementor-size-default\">Bize mesaj g\u00f6nder<\/h2>\t\t\t\t<\/div> \t\t\t\t<div class=\"elementor-element elementor-element-58860cc elementor-widget elementor-widget-text-editor\" data-id=\"58860cc\" data-element_type=\"widget\" data-e-type=\"widget\" data-widget_type=\"text-editor.default\"> \t\t\t\t\t\t\t\t\t<p>Plastik geri d\u00f6n\u00fc\u015f\u00fcm makinelerimizle ilgileniyor musunuz? Mesaj\u0131n\u0131z\u0131 sitenin alt k\u0131sm\u0131ndaki yorum formuna b\u0131rakabilirsiniz. Size cevap verece\u011fiz ve size t\u00fcm detaylar\u0131 ve \u00e7\u00f6z\u00fcmleri sunaca\u011f\u0131z.<\/p>\t\t\t\t\t\t\t\t<\/div> \t\t\t\t<div class=\"elementor-element elementor-element-6acf603 elementor-widget-divider--view-line elementor-widget elementor-widget-divider\" data-id=\"6acf603\" data-element_type=\"widget\" data-e-type=\"widget\" data-widget_type=\"divider.default\"> \t\t\t\t\t\t\t<div class=\"elementor-divider\"> \t\t\t<span class=\"elementor-divider-separator\"> \t\t\t\t\t\t<\/span> \t\t<\/div> \t\t\t\t\t\t<\/div> \t\t\t\t<div class=\"elementor-element elementor-element-c102589 elementor-widget elementor-widget-heading\" data-id=\"c102589\" data-element_type=\"widget\" data-e-type=\"widget\" data-widget_type=\"heading.default\"> \t\t\t\t\t<h2 class=\"elementor-heading-title elementor-size-default\">\u015eimdi Bize Ula\u015f\u0131n<\/h2>\t\t\t\t<\/div> \t\t\t\t<div class=\"elementor-element elementor-element-ac8f182 elementor-widget elementor-widget-text-editor\" data-id=\"ac8f182\" data-element_type=\"widget\" data-e-type=\"widget\" data-widget_type=\"text-editor.default\"> \t\t\t\t\t\t\t\t\t<p>WhatsApp\/Tel: +86 17303821432<\/p><p>E-posta: info@shuliyplastik.com<\/p>\t\t\t\t\t\t\t\t<\/div> \t\t\t\t<div class=\"elementor-element elementor-element-b42f53f elementor-widget elementor-widget-text-editor\" data-id=\"b42f53f\" data-element_type=\"widget\" data-e-type=\"widget\" data-widget_type=\"text-editor.default\"> \t\t\t\t\t\t\t\t\t<p>7\/24 Yard\u0131m Sa\u011fl\u0131yoruz.<\/p>\t\t\t\t\t\t\t\t<\/div> \t\t\t\t<\/div> \t\t<div class=\"elementor-element elementor-element-37d0bbb e-con-full e-flex e-con e-child\" data-id=\"37d0bbb\" data-element_type=\"container\" data-e-type=\"container\"> \t\t\t\t<div class=\"elementor-element elementor-element-8f1ba7c elementor-widget elementor-widget-image\" data-id=\"8f1ba7c\" data-element_type=\"widget\" data-e-type=\"widget\" data-widget_type=\"image.default\"> \t\t\t\t\t\t\t\t\t\t\t\t\t\t\t<img fetchpriority=\"high\" decoding=\"async\" width=\"580\" height=\"435\" src=\"https:\/\/shuliyplastic.com\/wp-content\/uploads\/2023\/05\/about.webp\" class=\"attachment-large size-large wp-image-125\" alt=\"Shuliy hakk\u0131nda\" srcset=\"https:\/\/shuliyplastic.com\/wp-content\/uploads\/2023\/05\/about.webp 580w, https:\/\/shuliyplastic.com\/wp-content\/uploads\/2023\/05\/about-360x270.webp 360w, https:\/\/shuliyplastic.com\/wp-content\/uploads\/2023\/05\/about-240x180.webp 240w\" sizes=\"(max-width: 580px) 100vw, 580px\" \/>\t\t\t\t\t\t\t\t\t\t\t\t\t\t\t<\/div> \t\t\t\t<\/div> \t\t\t\t\t<\/div> \t\t\t\t<\/div> \t\t\t\t<\/div>","protected":false},"excerpt":{"rendered":"<p>Bize Ula\u015f\u0131n Bize Mesaj G\u00f6nderin Plastik geri d\u00f6n\u00fc\u015f\u00fcm makinelerimizle ilgileniyor musunuz? Mesaj\u0131n\u0131z\u0131 sitenin alt k\u0131sm\u0131ndaki yorum formuna b\u0131rakabilirsiniz. Size cevap verece\u011fiz ve size t\u00fcm detaylar\u0131 ve \u00e7\u00f6z\u00fcmleri sunaca\u011f\u0131z. Hemen Bize Ula\u015f\u0131n WhatsApp\/Tel: +86 17303821432 E-posta: info@shuliyplastik.com 7\/24 Yard\u0131m Sa\u011fl\u0131yoruz.<\/p>","protected":false},"author":1,"featured_media":0,"parent":0,"menu_order":0,"comment_status":"closed","ping_status":"closed","template":"","meta":{"footnotes":""},"class_list":["post-16","page","type-page","status-publish","hentry"],"_links":{"self":[{"href":"https:\/\/shuliyplastic.com\/tr\/wp-json\/wp\/v2\/pages\/16","targetHints":{"allow":["GET"]}}],"collection":[{"href":"https:\/\/shuliyplastic.com\/tr\/wp-json\/wp\/v2\/pages"}],"about":[{"href":"https:\/\/shuliyplastic.com\/tr\/wp-json\/wp\/v2\/types\/page"}],"author":[{"embeddable":true,"href":"https:\/\/shuliyplastic.com\/tr\/wp-json\/wp\/v2\/users\/1"}],"replies":[{"embeddable":true,"href":"https:\/\/shuliyplastic.com\/tr\/wp-json\/wp\/v2\/comments?post=16"}],"version-history":[{"count":0,"href":"https:\/\/shuliyplastic.com\/tr\/wp-json\/wp\/v2\/pages\/16\/revisions"}],"wp:attachment":[{"href":"https:\/\/shuliyplastic.com\/tr\/wp-json\/wp\/v2\/media?parent=16"}],"curies":[{"name":"wp","href":"https:\/\/api.w.org\/{rel}","templated":true}]}}