{"id":8,"date":"2023-05-26T10:03:41","date_gmt":"2023-05-26T02:03:41","guid":{"rendered":"https:\/\/shuliyplastic.com\/?page_id=8"},"modified":"2025-10-09T17:14:22","modified_gmt":"2025-10-09T09:14:22","slug":"about-us","status":"publish","type":"page","link":"https:\/\/shuliyplastic.com\/sw\/about-us\/","title":{"rendered":"Kuhusu sisi"},"content":{"rendered":"<div data-elementor-type=\"wp-page\" data-elementor-id=\"8\" class=\"elementor elementor-8\" data-elementor-post-type=\"page\"> \t\t\t\t<div class=\"elementor-element elementor-element-65ccc6c e-flex e-con-boxed e-con e-parent\" data-id=\"65ccc6c\" data-element_type=\"container\" data-e-type=\"container\" data-settings=\"{&quot;background_background&quot;:&quot;classic&quot;}\"> \t\t\t\t\t<div class=\"e-con-inner\"> \t\t\t\t<div class=\"elementor-element elementor-element-582c742 elementor-widget elementor-widget-heading\" data-id=\"582c742\" data-element_type=\"widget\" data-e-type=\"widget\" data-widget_type=\"heading.default\"> \t\t\t\t\t<h2 class=\"elementor-heading-title elementor-size-default\">Kuhusu sisi<\/h2>\t\t\t\t<\/div> \t\t\t\t<div class=\"elementor-element elementor-element-eb80ad7 elementor-widget elementor-widget-shortcode\" data-id=\"eb80ad7\" data-element_type=\"widget\" data-e-type=\"widget\" data-widget_type=\"shortcode.default\"> \t\t\t\t\t\t\t<div class=\"elementor-shortcode\"><nav aria-label=\"makombo ya mkate\" class=\"rank-math-breadcrumb\"><p><span class=\"last\">Nyumbani<\/span><\/p><\/nav> <\/div> \t\t\t\t\t\t<\/div> \t\t\t\t\t<\/div> \t\t\t\t<\/div> \t\t<div class=\"elementor-element elementor-element-7bd2dc9 e-flex e-con-boxed e-con e-parent\" data-id=\"7bd2dc9\" data-element_type=\"container\" data-e-type=\"container\" data-settings=\"{&quot;background_background&quot;:&quot;classic&quot;}\"> \t\t\t\t\t<div class=\"e-con-inner\"> \t\t<div class=\"elementor-element elementor-element-1143152 e-con-full e-flex e-con e-child\" data-id=\"1143152\" data-element_type=\"container\" data-e-type=\"container\" data-settings=\"{&quot;background_background&quot;:&quot;classic&quot;}\"> \t\t\t\t<div class=\"elementor-element elementor-element-26442a4 elementor-widget elementor-widget-heading\" data-id=\"26442a4\" data-element_type=\"widget\" data-e-type=\"widget\" data-widget_type=\"heading.default\"> \t\t\t\t\t<h2 class=\"elementor-heading-title elementor-size-default\">Kuhusu Shuliy<\/h2>\t\t\t\t<\/div> \t\t\t\t<div class=\"elementor-element elementor-element-01ded6a elementor-widget elementor-widget-text-editor\" data-id=\"01ded6a\" data-element_type=\"widget\" data-e-type=\"widget\" data-widget_type=\"text-editor.default\"> \t\t\t\t\t\t\t\t\t<p>Shuliy Machinery werd opgericht in 2011 en specialiseert zich in de ontwikkeling en productie van recyclingapparatuur voor plastic, banden, vezels, metalen en papier. In meer dan tien jaar zakelijk bestaan heeft Shuliy Machinery altijd vastgehouden aan de missie \"Laten Chinese machines elke hoek van de wereld veranderen\". We doen er alles aan om waarde te bieden aan onze klanten, zodat onze recyclingmachines hen kunnen helpen produceren en opereren, de productie-effici\u00ebntie verbeteren en meer hogere winsten genereren.<\/p>\t\t\t\t\t\t\t\t<\/div> \t\t\t\t<\/div> \t\t<div class=\"elementor-element elementor-element-ae2de58 e-con-full e-flex e-con e-child\" data-id=\"ae2de58\" data-element_type=\"container\" data-e-type=\"container\"> \t\t\t\t<div class=\"elementor-element elementor-element-b71687d elementor-widget elementor-widget-image\" data-id=\"b71687d\" data-element_type=\"widget\" data-e-type=\"widget\" data-widget_type=\"image.default\"> \t\t\t\t\t\t\t\t\t\t\t\t\t\t\t<img fetchpriority=\"high\" decoding=\"async\" width=\"720\" height=\"377\" src=\"https:\/\/shuliyplastic.com\/wp-content\/uploads\/2023\/05\/shuliy-machinery-720x377.jpg\" class=\"attachment-large size-large wp-image-134\" alt=\"\" srcset=\"https:\/\/shuliyplastic.com\/wp-content\/uploads\/2023\/05\/shuliy-machinery-720x377.jpg 720w, https:\/\/shuliyplastic.com\/wp-content\/uploads\/2023\/05\/shuliy-machinery-360x189.jpg 360w, https:\/\/shuliyplastic.com\/wp-content\/uploads\/2023\/05\/shuliy-machinery-768x402.jpg 768w, https:\/\/shuliyplastic.com\/wp-content\/uploads\/2023\/05\/shuliy-machinery.jpg 1352w\" sizes=\"(max-width: 720px) 100vw, 720px\" \/>\t\t\t\t\t\t\t\t\t\t\t\t\t\t\t<\/div> \t\t\t\t<\/div> \t\t\t\t\t<\/div> \t\t\t\t<\/div> \t\t<div class=\"elementor-element elementor-element-5e35da5 e-flex e-con-boxed e-con e-parent\" data-id=\"5e35da5\" data-element_type=\"container\" data-e-type=\"container\"> \t\t\t\t\t<div class=\"e-con-inner\"> \t\t<div class=\"elementor-element elementor-element-ad01cc4 e-con-full e-flex e-con e-child\" data-id=\"ad01cc4\" data-element_type=\"container\" data-e-type=\"container\"> \t\t\t\t<div class=\"elementor-element elementor-element-0f5db9e elementor-widget elementor-widget-heading\" data-id=\"0f5db9e\" data-element_type=\"widget\" data-e-type=\"widget\" data-widget_type=\"heading.default\"> \t\t\t\t\t<h2 class=\"elementor-heading-title elementor-size-default\">Wat wij bieden: Een spectrum aan recyclingoplossingen<\/h2>\t\t\t\t<\/div> \t\t\t\t<div class=\"elementor-element elementor-element-552dbdd elementor-widget elementor-widget-text-editor\" data-id=\"552dbdd\" data-element_type=\"widget\" data-e-type=\"widget\" data-widget_type=\"text-editor.default\"> \t\t\t\t\t\t\t\t\t<p>Onze expertise bestrijkt de hele levenscyclus van afvalrecycling. We bieden alles, van losse machines tot complete, op maat gemaakte installaties. Onze hoofdproductcategorie\u00ebn omvatten:<\/p>\t\t\t\t\t\t\t\t<\/div> \t\t\t\t<\/div> \t\t\t\t\t<\/div> \t\t\t\t<\/div> \t\t<div class=\"elementor-element elementor-element-284683a e-flex e-con-boxed e-con e-parent\" data-id=\"284683a\" data-element_type=\"container\" data-e-type=\"container\"> \t\t\t\t\t<div class=\"e-con-inner\"> \t\t<div class=\"elementor-element elementor-element-9a94970 e-con-full e-flex e-con e-child\" data-id=\"9a94970\" data-element_type=\"container\" data-e-type=\"container\"> \t\t\t\t<div class=\"elementor-element elementor-element-516d756 elementor-widget elementor-widget-image\" data-id=\"516d756\" data-element_type=\"widget\" data-e-type=\"widget\" data-widget_type=\"image.default\"> \t\t\t\t\t\t\t\t\t\t\t\t\t\t\t<img decoding=\"async\" width=\"720\" height=\"540\" src=\"https:\/\/shuliyplastic.com\/wp-content\/uploads\/2025\/10\/plastic-recycling-production-line.webp\" class=\"attachment-large size-large wp-image-8624\" alt=\"mstari wa uzalishaji wa kuchakata plastiki\" srcset=\"https:\/\/shuliyplastic.com\/wp-content\/uploads\/2025\/10\/plastic-recycling-production-line.webp 720w, https:\/\/shuliyplastic.com\/wp-content\/uploads\/2025\/10\/plastic-recycling-production-line-360x270.webp 360w, https:\/\/shuliyplastic.com\/wp-content\/uploads\/2025\/10\/plastic-recycling-production-line-240x180.webp 240w, https:\/\/shuliyplastic.com\/wp-content\/uploads\/2025\/10\/plastic-recycling-production-line-16x12.webp 16w\" sizes=\"(max-width: 720px) 100vw, 720px\" \/>\t\t\t\t\t\t\t\t\t\t\t\t\t\t\t<\/div> \t\t\t\t<\/div> \t\t<div class=\"elementor-element elementor-element-039b0f6 e-con-full e-flex e-con e-child\" data-id=\"039b0f6\" data-element_type=\"container\" data-e-type=\"container\"> \t\t\t\t<div class=\"elementor-element elementor-element-874349f elementor-widget elementor-widget-text-editor\" data-id=\"874349f\" data-element_type=\"widget\" data-e-type=\"widget\" data-widget_type=\"text-editor.default\"> \t\t\t\t\t\t\t\t\t<p class=\"translation-block\"><strong>Plastic Recycling Solutions<\/strong>: We bieden complete recyclingproductielijnen voor alles, van afvalplastic flessen en films tot stijve plastics. Onze aanbiedingen omvatten kernapparatuur zoals plastic versnippers, waslijnen en pelletizers, zodat de uiteindelijke plastic korrels puur en van hoge kwaliteit zijn.<\/p>\t\t\t\t\t\t\t\t<\/div> \t\t\t\t<\/div> \t\t\t\t\t<\/div> \t\t\t\t<\/div> \t\t<div class=\"elementor-element elementor-element-1a50c0d e-flex e-con-boxed e-con e-parent\" data-id=\"1a50c0d\" data-element_type=\"container\" data-e-type=\"container\"> \t\t\t\t\t<div class=\"e-con-inner\"> \t\t<div class=\"elementor-element elementor-element-5730a97 e-con-full e-flex e-con e-child\" data-id=\"5730a97\" data-element_type=\"container\" data-e-type=\"container\"> \t\t\t\t<div class=\"elementor-element elementor-element-e4b724b elementor-widget elementor-widget-text-editor\" data-id=\"e4b724b\" data-element_type=\"widget\" data-e-type=\"widget\" data-widget_type=\"text-editor.default\"> \t\t\t\t\t\t\t\t\t<p class=\"translation-block\"><strong>Bandrecyclingoplossingen<\/strong>: Onze professionele afvalbandverwerking apparatuur kan banden effici\u00ebnt afbreken tot rubberpoeder, staaldraad en vezels. Ons kernproduct, de rubberpoedermachine, beschikt over geavanceerde technologie, en de output wordt veel gebruikt in toepassingen zoals loopbanen en waterdichte materialen.<\/p>\t\t\t\t\t\t\t\t<\/div> \t\t\t\t<\/div> \t\t<div class=\"elementor-element elementor-element-586a4dd e-con-full e-flex e-con e-child\" data-id=\"586a4dd\" data-element_type=\"container\" data-e-type=\"container\"> \t\t\t\t<div class=\"elementor-element elementor-element-e683b55 elementor-widget elementor-widget-image\" data-id=\"e683b55\" data-element_type=\"widget\" data-e-type=\"widget\" data-widget_type=\"image.default\"> \t\t\t\t\t\t\t\t\t\t\t\t\t\t\t<img decoding=\"async\" width=\"720\" height=\"540\" src=\"https:\/\/shuliyplastic.com\/wp-content\/uploads\/2025\/10\/waste-tire-recycling-plant.webp\" class=\"attachment-large size-large wp-image-8626\" alt=\"Taka taka ya kuchakata tairi\" srcset=\"https:\/\/shuliyplastic.com\/wp-content\/uploads\/2025\/10\/waste-tire-recycling-plant.webp 720w, https:\/\/shuliyplastic.com\/wp-content\/uploads\/2025\/10\/waste-tire-recycling-plant-360x270.webp 360w, https:\/\/shuliyplastic.com\/wp-content\/uploads\/2025\/10\/waste-tire-recycling-plant-240x180.webp 240w, https:\/\/shuliyplastic.com\/wp-content\/uploads\/2025\/10\/waste-tire-recycling-plant-16x12.webp 16w\" sizes=\"(max-width: 720px) 100vw, 720px\" \/>\t\t\t\t\t\t\t\t\t\t\t\t\t\t\t<\/div> \t\t\t\t<\/div> \t\t\t\t\t<\/div> \t\t\t\t<\/div> \t\t<div class=\"elementor-element elementor-element-48e70bf e-flex e-con-boxed e-con e-parent\" data-id=\"48e70bf\" data-element_type=\"container\" data-e-type=\"container\"> \t\t\t\t\t<div class=\"e-con-inner\"> \t\t<div class=\"elementor-element elementor-element-e9bbece e-con-full e-flex e-con e-child\" data-id=\"e9bbece\" data-element_type=\"container\" data-e-type=\"container\"> \t\t\t\t<div class=\"elementor-element elementor-element-70810fa elementor-widget elementor-widget-image\" data-id=\"70810fa\" data-element_type=\"widget\" data-e-type=\"widget\" data-widget_type=\"image.default\"> \t\t\t\t\t\t\t\t\t\t\t\t\t\t\t<img loading=\"lazy\" decoding=\"async\" width=\"720\" height=\"540\" src=\"https:\/\/shuliyplastic.com\/wp-content\/uploads\/2025\/10\/fully-automatic-egg-tray-machine.webp\" class=\"attachment-large size-large wp-image-8630\" alt=\"helautomatiserad \u00e4ggbricka maskin\" srcset=\"https:\/\/shuliyplastic.com\/wp-content\/uploads\/2025\/10\/fully-automatic-egg-tray-machine.webp 720w, https:\/\/shuliyplastic.com\/wp-content\/uploads\/2025\/10\/fully-automatic-egg-tray-machine-360x270.webp 360w, https:\/\/shuliyplastic.com\/wp-content\/uploads\/2025\/10\/fully-automatic-egg-tray-machine-240x180.webp 240w, https:\/\/shuliyplastic.com\/wp-content\/uploads\/2025\/10\/fully-automatic-egg-tray-machine-16x12.webp 16w\" sizes=\"(max-width: 720px) 100vw, 720px\" \/>\t\t\t\t\t\t\t\t\t\t\t\t\t\t\t<\/div> \t\t\t\t<\/div> \t\t<div class=\"elementor-element elementor-element-f7ed96d e-con-full e-flex e-con e-child\" data-id=\"f7ed96d\" data-element_type=\"container\" data-e-type=\"container\"> \t\t\t\t<div class=\"elementor-element elementor-element-ba37147 elementor-widget elementor-widget-text-editor\" data-id=\"ba37147\" data-element_type=\"widget\" data-e-type=\"widget\" data-widget_type=\"text-editor.default\"> \t\t\t\t\t\t\t\t\t<p class=\"translation-block\"><strong>Papier- &amp; Pulpvormingsoplossingen<\/strong>: Onze hoog-effici\u00ebnte productielijnen voor eierdozen kunnen afvalpapierpulp omzetten in waardevolle producten zoals eierdozen en fruitmanden. We bieden een volledige reeks pulpvormingsapparatuur en technische ondersteuning, van pulp tot droging.<\/p>\t\t\t\t\t\t\t\t<\/div> \t\t\t\t<\/div> \t\t\t\t\t<\/div> \t\t\t\t<\/div> \t\t<div class=\"elementor-element elementor-element-de4e147 e-flex e-con-boxed e-con e-parent\" data-id=\"de4e147\" data-element_type=\"container\" data-e-type=\"container\"> \t\t\t\t\t<div class=\"e-con-inner\"> \t\t<div class=\"elementor-element elementor-element-e1635b1 e-con-full e-flex e-con e-child\" data-id=\"e1635b1\" data-element_type=\"container\" data-e-type=\"container\"> \t\t\t\t<div class=\"elementor-element elementor-element-1597744 elementor-widget elementor-widget-text-editor\" data-id=\"1597744\" data-element_type=\"widget\" data-e-type=\"widget\" data-widget_type=\"text-editor.default\"> \t\t\t\t\t\t\t\t\t<p class=\"translation-block\"><strong>Metaalrecyclingoplossingen<\/strong>: Voor alle soorten schrootmetaal bieden wij krachtige kraanpersen, metaalvermalers en balenmachines die materialen verwerken van aluminiumblikken en autokappen tot zware staalrecycling, waardoor ze de ideale keuze zijn voor schrootplaatsen en staalfabrieken.<\/p>\t\t\t\t\t\t\t\t<\/div> \t\t\t\t<\/div> \t\t<div class=\"elementor-element elementor-element-8af837a e-con-full e-flex e-con e-child\" data-id=\"8af837a\" data-element_type=\"container\" data-e-type=\"container\"> \t\t\t\t<div class=\"elementor-element elementor-element-be52bb0 elementor-widget elementor-widget-image\" data-id=\"be52bb0\" data-element_type=\"widget\" data-e-type=\"widget\" data-widget_type=\"image.default\"> \t\t\t\t\t\t\t\t\t\t\t\t\t\t\t<img loading=\"lazy\" decoding=\"async\" width=\"720\" height=\"540\" src=\"https:\/\/shuliyplastic.com\/wp-content\/uploads\/2025\/10\/baling-scrap-metal.webp\" class=\"attachment-large size-large wp-image-8638\" alt=\"Balen van schrootmetaal\" srcset=\"https:\/\/shuliyplastic.com\/wp-content\/uploads\/2025\/10\/baling-scrap-metal.webp 720w, https:\/\/shuliyplastic.com\/wp-content\/uploads\/2025\/10\/baling-scrap-metal-360x270.webp 360w, https:\/\/shuliyplastic.com\/wp-content\/uploads\/2025\/10\/baling-scrap-metal-240x180.webp 240w, https:\/\/shuliyplastic.com\/wp-content\/uploads\/2025\/10\/baling-scrap-metal-16x12.webp 16w\" sizes=\"(max-width: 720px) 100vw, 720px\" \/>\t\t\t\t\t\t\t\t\t\t\t\t\t\t\t<\/div> \t\t\t\t<\/div> \t\t\t\t\t<\/div> \t\t\t\t<\/div> \t\t<div class=\"elementor-element elementor-element-6170cdb e-flex e-con-boxed e-con e-parent\" data-id=\"6170cdb\" data-element_type=\"container\" data-e-type=\"container\"> \t\t\t\t\t<div class=\"e-con-inner\"> \t\t<div class=\"elementor-element elementor-element-b6ea844 e-con-full e-flex e-con e-child\" data-id=\"b6ea844\" data-element_type=\"container\" data-e-type=\"container\"> \t\t\t\t<div class=\"elementor-element elementor-element-fe43a9a elementor-widget elementor-widget-image\" data-id=\"fe43a9a\" data-element_type=\"widget\" data-e-type=\"widget\" data-widget_type=\"image.default\"> \t\t\t\t\t\t\t\t\t\t\t\t\t\t\t<img loading=\"lazy\" decoding=\"async\" width=\"720\" height=\"540\" src=\"https:\/\/shuliyplastic.com\/wp-content\/uploads\/2025\/10\/Textile-recycling-machine.webp\" class=\"attachment-large size-large wp-image-8642\" alt=\"Textielrecyclingmachine\" srcset=\"https:\/\/shuliyplastic.com\/wp-content\/uploads\/2025\/10\/Textile-recycling-machine.webp 720w, https:\/\/shuliyplastic.com\/wp-content\/uploads\/2025\/10\/Textile-recycling-machine-360x270.webp 360w, https:\/\/shuliyplastic.com\/wp-content\/uploads\/2025\/10\/Textile-recycling-machine-240x180.webp 240w, https:\/\/shuliyplastic.com\/wp-content\/uploads\/2025\/10\/Textile-recycling-machine-16x12.webp 16w\" sizes=\"(max-width: 720px) 100vw, 720px\" \/>\t\t\t\t\t\t\t\t\t\t\t\t\t\t\t<\/div> \t\t\t\t<\/div> \t\t<div class=\"elementor-element elementor-element-bbb20f3 e-con-full e-flex e-con e-child\" data-id=\"bbb20f3\" data-element_type=\"container\" data-e-type=\"container\"> \t\t\t\t<div class=\"elementor-element elementor-element-93e5248 elementor-widget elementor-widget-text-editor\" data-id=\"93e5248\" data-element_type=\"widget\" data-e-type=\"widget\" data-widget_type=\"text-editor.default\"> \t\t\t\t\t\t\t\t\t<p class=\"translation-block\"><strong>Vezelrecyclingoplossingen<\/strong>: Innovatieve textielknip- en reinigingsmachines die textielafval en snijafval verwerken tot herbruikbare vezels voor diverse industri\u00eble toepassingen.<\/p>\t\t\t\t\t\t\t\t<\/div> \t\t\t\t<\/div> \t\t\t\t\t<\/div> \t\t\t\t<\/div> \t\t<div class=\"elementor-element elementor-element-a0053c4 e-flex e-con-boxed e-con e-parent\" data-id=\"a0053c4\" data-element_type=\"container\" data-e-type=\"container\"> \t\t\t\t\t<div class=\"e-con-inner\"> \t\t<div class=\"elementor-element elementor-element-2965a94 e-con-full e-flex e-con e-child\" data-id=\"2965a94\" data-element_type=\"container\" data-e-type=\"container\" data-settings=\"{&quot;background_background&quot;:&quot;classic&quot;}\"> \t\t\t\t<div class=\"elementor-element elementor-element-9f56e44 elementor-widget elementor-widget-heading\" data-id=\"9f56e44\" data-element_type=\"widget\" data-e-type=\"widget\" data-widget_type=\"heading.default\"> \t\t\t\t\t<h2 class=\"elementor-heading-title elementor-size-default\">Mteja Kwanza<\/h2>\t\t\t\t<\/div> \t\t\t\t<div class=\"elementor-element elementor-element-b12cb94 elementor-widget elementor-widget-text-editor\" data-id=\"b12cb94\" data-element_type=\"widget\" data-e-type=\"widget\" data-widget_type=\"text-editor.default\"> \t\t\t\t\t\t\t\t\t<p>Onze voetafdruk is werkelijk mondiaal. We zijn trots op het leveren van betrouwbare recyclingoplossingen aan klanten in meer dan 100 landen en regio's in Azi\u00eb, Afrika, Europa, Zuid-Amerika en het Midden-Oosten. We begrijpen dat elke markt zijn eigen uitdagingen en kansen heeft, van lokale grondstofkenmerken tot investeringsbudgetten, en we excelleren in het aanpassen van oplossingen aan deze specifieke behoeften.<\/p>\t\t\t\t\t\t\t\t<\/div> \t\t\t\t<div class=\"elementor-element elementor-element-9a93c9a elementor-widget elementor-widget-text-editor\" data-id=\"9a93c9a\" data-element_type=\"widget\" data-e-type=\"widget\" data-widget_type=\"text-editor.default\"> \t\t\t\t\t\t\t\t\t<p>Of we nu een ondernemer in Nigeria helpen bij het opzetten van hun eerste plastic flesrecyclingfabriek, een aangepaste afvalbandrubberpoederlijn leveren aan een groot bedrijf in Saoedi-Arabi\u00eb, of een klant in Brazili\u00eb helpen de effici\u00ebntie van hun eierdozenmachine te optimaliseren, onze focus blijft hetzelfde. We verkopen niet alleen een machine; we leveren een volledige recyclingoplossing die langdurige waarde en zakelijk succes voor onze partners genereert.<\/p>\t\t\t\t\t\t\t\t<\/div> \t\t\t\t<\/div> \t\t<div class=\"elementor-element elementor-element-752d1bf e-con-full e-flex e-con e-child\" data-id=\"752d1bf\" data-element_type=\"container\" data-e-type=\"container\"> \t\t\t\t<div class=\"elementor-element elementor-element-7d8d79b elementor-widget elementor-widget-image\" data-id=\"7d8d79b\" data-element_type=\"widget\" data-e-type=\"widget\" data-widget_type=\"image.default\"> \t\t\t\t\t\t\t\t\t\t\t\t\t\t\t<img loading=\"lazy\" decoding=\"async\" width=\"459\" height=\"540\" src=\"https:\/\/shuliyplastic.com\/wp-content\/uploads\/2023\/06\/our-customers-459x540.jpg\" class=\"attachment-large size-large wp-image-766\" alt=\"\" srcset=\"https:\/\/shuliyplastic.com\/wp-content\/uploads\/2023\/06\/our-customers-459x540.jpg 459w, https:\/\/shuliyplastic.com\/wp-content\/uploads\/2023\/06\/our-customers-230x270.jpg 230w, https:\/\/shuliyplastic.com\/wp-content\/uploads\/2023\/06\/our-customers.jpg 750w\" sizes=\"(max-width: 459px) 100vw, 459px\" \/>\t\t\t\t\t\t\t\t\t\t\t\t\t\t\t<\/div> \t\t\t\t<\/div> \t\t\t\t\t<\/div> \t\t\t\t<\/div> \t\t<div class=\"elementor-element elementor-element-18f429d e-flex e-con-boxed e-con e-parent\" data-id=\"18f429d\" data-element_type=\"container\" data-e-type=\"container\"> \t\t\t\t\t<div class=\"e-con-inner\"> \t\t<div class=\"elementor-element elementor-element-dd8c18b e-con-full e-flex e-con e-child\" data-id=\"dd8c18b\" data-element_type=\"container\" data-e-type=\"container\"> \t\t\t\t<div class=\"elementor-element elementor-element-c6e6785 elementor-widget elementor-widget-image\" data-id=\"c6e6785\" data-element_type=\"widget\" data-e-type=\"widget\" data-widget_type=\"image.default\"> \t\t\t\t\t\t\t\t\t\t\t\t\t\t\t<img loading=\"lazy\" decoding=\"async\" width=\"720\" height=\"405\" src=\"https:\/\/shuliyplastic.com\/wp-content\/uploads\/2023\/05\/\u88c5\u8f66\u56fe_4.jpg\" class=\"attachment-large size-large wp-image-203\" alt=\"\" srcset=\"https:\/\/shuliyplastic.com\/wp-content\/uploads\/2023\/05\/\u88c5\u8f66\u56fe_4.jpg 720w, https:\/\/shuliyplastic.com\/wp-content\/uploads\/2023\/05\/\u88c5\u8f66\u56fe_4-360x203.jpg 360w\" sizes=\"(max-width: 720px) 100vw, 720px\" \/>\t\t\t\t\t\t\t\t\t\t\t\t\t\t\t<\/div> \t\t\t\t<\/div> \t\t<div class=\"elementor-element elementor-element-ef5df65 e-con-full e-flex e-con e-child\" data-id=\"ef5df65\" data-element_type=\"container\" data-e-type=\"container\" data-settings=\"{&quot;background_background&quot;:&quot;classic&quot;}\"> \t\t\t\t<div class=\"elementor-element elementor-element-a5762fa elementor-widget elementor-widget-heading\" data-id=\"a5762fa\" data-element_type=\"widget\" data-e-type=\"widget\" data-widget_type=\"heading.default\"> \t\t\t\t\t<h2 class=\"elementor-heading-title elementor-size-default\">Huduma<\/h2>\t\t\t\t<\/div> \t\t\t\t<div class=\"elementor-element elementor-element-7d85d20 elementor-widget elementor-widget-text-editor\" data-id=\"7d85d20\" data-element_type=\"widget\" data-e-type=\"widget\" data-widget_type=\"text-editor.default\"> \t\t\t\t\t\t\t\t\t<p>Jibu la haraka kwa maswali ya wateja, na anuwai kamili ya huduma za uangalifu.<\/p>\t\t\t\t\t\t\t\t<\/div> \t\t\t\t<div class=\"elementor-element elementor-element-27d683a elementor-icon-list--layout-traditional elementor-list-item-link-full_width elementor-widget elementor-widget-icon-list\" data-id=\"27d683a\" data-element_type=\"widget\" data-e-type=\"widget\" data-widget_type=\"icon-list.default\"> \t\t\t\t\t\t\t<ul class=\"elementor-icon-list-items\"> \t\t\t\t\t\t\t<li class=\"elementor-icon-list-item\"> \t\t\t\t\t\t\t\t\t\t\t<span class=\"elementor-icon-list-icon\"> \t\t\t\t\t\t\t<svg aria-hidden=\"true\" class=\"e-font-icon-svg e-fas-check\" viewbox=\"0 0 512 512\" xmlns=\"http:\/\/www.w3.org\/2000\/svg\"><path d=\"M173.898 439.404l-166.4-166.4c-9.997-9.997-9.997-26.206 0-36.204l36.203-36.204c9.997-9.998 26.207-9.998 36.204 0L192 312.69 432.095 72.596c9.997-9.997 26.207-9.997 36.204 0l36.203 36.204c9.997 9.997 9.997 26.206 0 36.204l-294.4 294.401c-9.998 9.997-26.207 9.997-36.204-.001z\"><\/path><\/svg>\t\t\t\t\t\t<\/span> \t\t\t\t\t\t\t\t\t\t<span class=\"elementor-icon-list-text\"><b>Kuuza kabla<\/b>: Toa wateja suluhisho muhimu kama ripoti ya ufanisi wa uwekezaji, upangaji wa mpango wa mradi, na upangaji wa kiwanda bila malipo na kwa haraka. Buni na tengeneza vifaa vya urejeshaji wa plastiki kulingana na mahitaji yako.<\/span> \t\t\t\t\t\t\t\t\t<\/li> \t\t\t\t\t\t\t\t<li class=\"elementor-icon-list-item\"> \t\t\t\t\t\t\t\t\t\t\t<span class=\"elementor-icon-list-icon\"> \t\t\t\t\t\t\t<svg aria-hidden=\"true\" class=\"e-font-icon-svg e-fas-check\" viewbox=\"0 0 512 512\" xmlns=\"http:\/\/www.w3.org\/2000\/svg\"><path d=\"M173.898 439.404l-166.4-166.4c-9.997-9.997-9.997-26.206 0-36.204l36.203-36.204c9.997-9.998 26.207-9.998 36.204 0L192 312.69 432.095 72.596c9.997-9.997 26.207-9.997 36.204 0l36.203 36.204c9.997 9.997 9.997 26.206 0 36.204l-294.4 294.401c-9.998 9.997-26.207 9.997-36.204-.001z\"><\/path><\/svg>\t\t\t\t\t\t<\/span> \t\t\t\t\t\t\t\t\t\t<span class=\"elementor-icon-list-text\"><b>Kwenye Uuzaji<\/b>: Uboreshaji wa kitaalamu, mchakato wa uzalishaji wa kisasa, kumsaidia mteja kukamilisha ukaguzi wa vifaa vya urejeshaji, na kutoa suluhisho za usakinishaji.<\/span> \t\t\t\t\t\t\t\t\t<\/li> \t\t\t\t\t\t\t\t<li class=\"elementor-icon-list-item\"> \t\t\t\t\t\t\t\t\t\t\t<span class=\"elementor-icon-list-icon\"> \t\t\t\t\t\t\t<svg aria-hidden=\"true\" class=\"e-font-icon-svg e-fas-check\" viewbox=\"0 0 512 512\" xmlns=\"http:\/\/www.w3.org\/2000\/svg\"><path d=\"M173.898 439.404l-166.4-166.4c-9.997-9.997-9.997-26.206 0-36.204l36.203-36.204c9.997-9.998 26.207-9.998 36.204 0L192 312.69 432.095 72.596c9.997-9.997 26.207-9.997 36.204 0l36.203 36.204c9.997 9.997 9.997 26.206 0 36.204l-294.4 294.401c-9.998 9.997-26.207 9.997-36.204-.001z\"><\/path><\/svg>\t\t\t\t\t\t<\/span> \t\t\t\t\t\t\t\t\t\t<span class=\"elementor-icon-list-text\"><b>Baada ya Mauzo<\/b>: Timu yetu ya huduma ya baada ya mauzo ya kitaalamu inaweza kutoa usakinishaji na uendeshaji, mafunzo ya kiufundi, sehemu za akiba na sehemu zinazovaa, na huduma za matengenezo wakati wa kipindi cha udhamini ili kuhakikisha uendeshaji wa kawaida wa vifaa.<\/span> \t\t\t\t\t\t\t\t\t<\/li> \t\t\t\t\t\t<\/ul> \t\t\t\t\t\t<\/div> \t\t\t\t<\/div> \t\t\t\t\t<\/div> \t\t\t\t<\/div> \t\t\t\t<\/div>","protected":false},"excerpt":{"rendered":"<p>About Us About Shuliy Shuliy Machinery was established in 2011, specializing in the development and production of recycling equipment of plastic, tire, fiber, metal and paper. In more than ten years of business, Shuliy Machinery has always insisted on the mission of \u201cLetting Chinese machines change every corner of the world \u201d. We do everything [&hellip;]<\/p>\n","protected":false},"author":1,"featured_media":0,"parent":0,"menu_order":0,"comment_status":"closed","ping_status":"closed","template":"","meta":{"footnotes":""},"class_list":["post-8","page","type-page","status-publish","hentry"],"_links":{"self":[{"href":"https:\/\/shuliyplastic.com\/sw\/wp-json\/wp\/v2\/pages\/8","targetHints":{"allow":["GET"]}}],"collection":[{"href":"https:\/\/shuliyplastic.com\/sw\/wp-json\/wp\/v2\/pages"}],"about":[{"href":"https:\/\/shuliyplastic.com\/sw\/wp-json\/wp\/v2\/types\/page"}],"author":[{"embeddable":true,"href":"https:\/\/shuliyplastic.com\/sw\/wp-json\/wp\/v2\/users\/1"}],"replies":[{"embeddable":true,"href":"https:\/\/shuliyplastic.com\/sw\/wp-json\/wp\/v2\/comments?post=8"}],"version-history":[{"count":0,"href":"https:\/\/shuliyplastic.com\/sw\/wp-json\/wp\/v2\/pages\/8\/revisions"}],"wp:attachment":[{"href":"https:\/\/shuliyplastic.com\/sw\/wp-json\/wp\/v2\/media?parent=8"}],"curies":[{"name":"wp","href":"https:\/\/api.w.org\/{rel}","templated":true}]}}