{"id":8,"date":"2023-05-26T10:03:41","date_gmt":"2023-05-26T02:03:41","guid":{"rendered":"https:\/\/shuliyplastic.com\/?page_id=8"},"modified":"2025-10-09T17:14:22","modified_gmt":"2025-10-09T09:14:22","slug":"about-us","status":"publish","type":"page","link":"https:\/\/shuliyplastic.com\/es\/about-us\/","title":{"rendered":"Sobre nosotros"},"content":{"rendered":"<div data-elementor-type=\"wp-page\" data-elementor-id=\"8\" class=\"elementor elementor-8\" data-elementor-post-type=\"page\"> \t\t\t\t<div class=\"elementor-element elementor-element-65ccc6c e-flex e-con-boxed e-con e-parent\" data-id=\"65ccc6c\" data-element_type=\"container\" data-e-type=\"container\" data-settings=\"{&quot;background_background&quot;:&quot;classic&quot;}\"> \t\t\t\t\t<div class=\"e-con-inner\"> \t\t\t\t<div class=\"elementor-element elementor-element-582c742 elementor-widget elementor-widget-heading\" data-id=\"582c742\" data-element_type=\"widget\" data-e-type=\"widget\" data-widget_type=\"heading.default\"> \t\t\t\t\t<h2 class=\"elementor-heading-title elementor-size-default\">Sobre nosotros<\/h2>\t\t\t\t<\/div> \t\t\t\t<div class=\"elementor-element elementor-element-eb80ad7 elementor-widget elementor-widget-shortcode\" data-id=\"eb80ad7\" data-element_type=\"widget\" data-e-type=\"widget\" data-widget_type=\"shortcode.default\"> \t\t\t\t\t\t\t<div class=\"elementor-shortcode\"><nav aria-label=\"migas de pan\" class=\"rank-math-breadcrumb\"><p><span class=\"last\">Hogar<\/span><\/p><\/nav> <\/div> \t\t\t\t\t\t<\/div> \t\t\t\t\t<\/div> \t\t\t\t<\/div> \t\t<div class=\"elementor-element elementor-element-7bd2dc9 e-flex e-con-boxed e-con e-parent\" data-id=\"7bd2dc9\" data-element_type=\"container\" data-e-type=\"container\" data-settings=\"{&quot;background_background&quot;:&quot;classic&quot;}\"> \t\t\t\t\t<div class=\"e-con-inner\"> \t\t<div class=\"elementor-element elementor-element-1143152 e-con-full e-flex e-con e-child\" data-id=\"1143152\" data-element_type=\"container\" data-e-type=\"container\" data-settings=\"{&quot;background_background&quot;:&quot;classic&quot;}\"> \t\t\t\t<div class=\"elementor-element elementor-element-26442a4 elementor-widget elementor-widget-heading\" data-id=\"26442a4\" data-element_type=\"widget\" data-e-type=\"widget\" data-widget_type=\"heading.default\"> \t\t\t\t\t<h2 class=\"elementor-heading-title elementor-size-default\">Acerca de Shuliy<\/h2>\t\t\t\t<\/div> \t\t\t\t<div class=\"elementor-element elementor-element-01ded6a elementor-widget elementor-widget-text-editor\" data-id=\"01ded6a\" data-element_type=\"widget\" data-e-type=\"widget\" data-widget_type=\"text-editor.default\"> \t\t\t\t\t\t\t\t\t<p>Shuliy Machinery fue fundada en 2011, especializ\u00e1ndose en el desarrollo y producci\u00f3n de equipos de reciclaje de pl\u00e1stico, neum\u00e1ticos, fibra, metal y papel. En m\u00e1s de diez a\u00f1os de negocio, Shuliy Machinery siempre ha insistido en la misi\u00f3n de \u201cDejar que las m\u00e1quinas chinas cambien cada rinc\u00f3n del mundo\u201d. Hacemos todo lo posible para ofrecer valor a nuestros clientes, de modo que nuestras m\u00e1quinas de reciclaje puedan ayudarlos a producir y operar, mejorar la eficiencia de producci\u00f3n y generar mayores beneficios.<\/p>\t\t\t\t\t\t\t\t<\/div> \t\t\t\t<\/div> \t\t<div class=\"elementor-element elementor-element-ae2de58 e-con-full e-flex e-con e-child\" data-id=\"ae2de58\" data-element_type=\"container\" data-e-type=\"container\"> \t\t\t\t<div class=\"elementor-element elementor-element-b71687d elementor-widget elementor-widget-image\" data-id=\"b71687d\" data-element_type=\"widget\" data-e-type=\"widget\" data-widget_type=\"image.default\"> \t\t\t\t\t\t\t\t\t\t\t\t\t\t\t<img fetchpriority=\"high\" decoding=\"async\" width=\"720\" height=\"377\" src=\"https:\/\/shuliyplastic.com\/wp-content\/uploads\/2023\/05\/shuliy-machinery-720x377.jpg\" class=\"attachment-large size-large wp-image-134\" alt=\"\" srcset=\"https:\/\/shuliyplastic.com\/wp-content\/uploads\/2023\/05\/shuliy-machinery-720x377.jpg 720w, https:\/\/shuliyplastic.com\/wp-content\/uploads\/2023\/05\/shuliy-machinery-360x189.jpg 360w, https:\/\/shuliyplastic.com\/wp-content\/uploads\/2023\/05\/shuliy-machinery-768x402.jpg 768w, https:\/\/shuliyplastic.com\/wp-content\/uploads\/2023\/05\/shuliy-machinery.jpg 1352w\" sizes=\"(max-width: 720px) 100vw, 720px\" \/>\t\t\t\t\t\t\t\t\t\t\t\t\t\t\t<\/div> \t\t\t\t<\/div> \t\t\t\t\t<\/div> \t\t\t\t<\/div> \t\t<div class=\"elementor-element elementor-element-5e35da5 e-flex e-con-boxed e-con e-parent\" data-id=\"5e35da5\" data-element_type=\"container\" data-e-type=\"container\"> \t\t\t\t\t<div class=\"e-con-inner\"> \t\t<div class=\"elementor-element elementor-element-ad01cc4 e-con-full e-flex e-con e-child\" data-id=\"ad01cc4\" data-element_type=\"container\" data-e-type=\"container\"> \t\t\t\t<div class=\"elementor-element elementor-element-0f5db9e elementor-widget elementor-widget-heading\" data-id=\"0f5db9e\" data-element_type=\"widget\" data-e-type=\"widget\" data-widget_type=\"heading.default\"> \t\t\t\t\t<h2 class=\"elementor-heading-title elementor-size-default\">Lo que ofrecemos: Una gama de soluciones de reciclaje<\/h2>\t\t\t\t<\/div> \t\t\t\t<div class=\"elementor-element elementor-element-552dbdd elementor-widget elementor-widget-text-editor\" data-id=\"552dbdd\" data-element_type=\"widget\" data-e-type=\"widget\" data-widget_type=\"text-editor.default\"> \t\t\t\t\t\t\t\t\t<p>Nuestra experiencia cubre todo el ciclo de vida del reciclaje de residuos. Ofrecemos desde m\u00e1quinas independientes hasta plantas completas y personalizadas. Nuestras principales categor\u00edas de productos incluyen:<\/p>\t\t\t\t\t\t\t\t<\/div> \t\t\t\t<\/div> \t\t\t\t\t<\/div> \t\t\t\t<\/div> \t\t<div class=\"elementor-element elementor-element-284683a e-flex e-con-boxed e-con e-parent\" data-id=\"284683a\" data-element_type=\"container\" data-e-type=\"container\"> \t\t\t\t\t<div class=\"e-con-inner\"> \t\t<div class=\"elementor-element elementor-element-9a94970 e-con-full e-flex e-con e-child\" data-id=\"9a94970\" data-element_type=\"container\" data-e-type=\"container\"> \t\t\t\t<div class=\"elementor-element elementor-element-516d756 elementor-widget elementor-widget-image\" data-id=\"516d756\" data-element_type=\"widget\" data-e-type=\"widget\" data-widget_type=\"image.default\"> \t\t\t\t\t\t\t\t\t\t\t\t\t\t\t<img decoding=\"async\" width=\"720\" height=\"540\" src=\"https:\/\/shuliyplastic.com\/wp-content\/uploads\/2025\/10\/plastic-recycling-production-line.webp\" class=\"attachment-large size-large wp-image-8624\" alt=\"l\u00ednea de producci\u00f3n de reciclaje de pl\u00e1stico\" srcset=\"https:\/\/shuliyplastic.com\/wp-content\/uploads\/2025\/10\/plastic-recycling-production-line.webp 720w, https:\/\/shuliyplastic.com\/wp-content\/uploads\/2025\/10\/plastic-recycling-production-line-360x270.webp 360w, https:\/\/shuliyplastic.com\/wp-content\/uploads\/2025\/10\/plastic-recycling-production-line-240x180.webp 240w, https:\/\/shuliyplastic.com\/wp-content\/uploads\/2025\/10\/plastic-recycling-production-line-16x12.webp 16w\" sizes=\"(max-width: 720px) 100vw, 720px\" \/>\t\t\t\t\t\t\t\t\t\t\t\t\t\t\t<\/div> \t\t\t\t<\/div> \t\t<div class=\"elementor-element elementor-element-039b0f6 e-con-full e-flex e-con e-child\" data-id=\"039b0f6\" data-element_type=\"container\" data-e-type=\"container\"> \t\t\t\t<div class=\"elementor-element elementor-element-874349f elementor-widget elementor-widget-text-editor\" data-id=\"874349f\" data-element_type=\"widget\" data-e-type=\"widget\" data-widget_type=\"text-editor.default\"> \t\t\t\t\t\t\t\t\t<p class=\"translation-block\"><strong>Soluciones de reciclaje de pl\u00e1stico<\/strong>: Proporcionamos l\u00edneas completas de producci\u00f3n de reciclaje para todo, desde botellas y pel\u00edculas de pl\u00e1stico de desecho hasta pl\u00e1sticos r\u00edgidos. Nuestras ofertas incluyen equipos principales como trituradores de pl\u00e1stico, l\u00edneas de lavado de pl\u00e1stico y pelletizadoras de pl\u00e1stico, asegurando que los gr\u00e1nulos de pl\u00e1stico finales sean puros y de alta calidad.<\/p>\t\t\t\t\t\t\t\t<\/div> \t\t\t\t<\/div> \t\t\t\t\t<\/div> \t\t\t\t<\/div> \t\t<div class=\"elementor-element elementor-element-1a50c0d e-flex e-con-boxed e-con e-parent\" data-id=\"1a50c0d\" data-element_type=\"container\" data-e-type=\"container\"> \t\t\t\t\t<div class=\"e-con-inner\"> \t\t<div class=\"elementor-element elementor-element-5730a97 e-con-full e-flex e-con e-child\" data-id=\"5730a97\" data-element_type=\"container\" data-e-type=\"container\"> \t\t\t\t<div class=\"elementor-element elementor-element-e4b724b elementor-widget elementor-widget-text-editor\" data-id=\"e4b724b\" data-element_type=\"widget\" data-e-type=\"widget\" data-widget_type=\"text-editor.default\"> \t\t\t\t\t\t\t\t\t<p class=\"translation-block\"><strong>Soluciones de reciclaje de neum\u00e1ticos<\/strong>: Nuestro equipo profesional de procesamiento de neum\u00e1ticos de desecho puede descomponer eficientemente los neum\u00e1ticos en polvo de caucho, alambre de acero y fibra. Nuestro producto principal, la m\u00e1quina de polvo de caucho, cuenta con tecnolog\u00eda avanzada y su producci\u00f3n se utiliza ampliamente en aplicaciones como pistas de atletismo y materiales impermeables.<\/p>\t\t\t\t\t\t\t\t<\/div> \t\t\t\t<\/div> \t\t<div class=\"elementor-element elementor-element-586a4dd e-con-full e-flex e-con e-child\" data-id=\"586a4dd\" data-element_type=\"container\" data-e-type=\"container\"> \t\t\t\t<div class=\"elementor-element elementor-element-e683b55 elementor-widget elementor-widget-image\" data-id=\"e683b55\" data-element_type=\"widget\" data-e-type=\"widget\" data-widget_type=\"image.default\"> \t\t\t\t\t\t\t\t\t\t\t\t\t\t\t<img decoding=\"async\" width=\"720\" height=\"540\" src=\"https:\/\/shuliyplastic.com\/wp-content\/uploads\/2025\/10\/waste-tire-recycling-plant.webp\" class=\"attachment-large size-large wp-image-8626\" alt=\"Planta de reciclaje de neum\u00e1ticos para desechos\" srcset=\"https:\/\/shuliyplastic.com\/wp-content\/uploads\/2025\/10\/waste-tire-recycling-plant.webp 720w, https:\/\/shuliyplastic.com\/wp-content\/uploads\/2025\/10\/waste-tire-recycling-plant-360x270.webp 360w, https:\/\/shuliyplastic.com\/wp-content\/uploads\/2025\/10\/waste-tire-recycling-plant-240x180.webp 240w, https:\/\/shuliyplastic.com\/wp-content\/uploads\/2025\/10\/waste-tire-recycling-plant-16x12.webp 16w\" sizes=\"(max-width: 720px) 100vw, 720px\" \/>\t\t\t\t\t\t\t\t\t\t\t\t\t\t\t<\/div> \t\t\t\t<\/div> \t\t\t\t\t<\/div> \t\t\t\t<\/div> \t\t<div class=\"elementor-element elementor-element-48e70bf e-flex e-con-boxed e-con e-parent\" data-id=\"48e70bf\" data-element_type=\"container\" data-e-type=\"container\"> \t\t\t\t\t<div class=\"e-con-inner\"> \t\t<div class=\"elementor-element elementor-element-e9bbece e-con-full e-flex e-con e-child\" data-id=\"e9bbece\" data-element_type=\"container\" data-e-type=\"container\"> \t\t\t\t<div class=\"elementor-element elementor-element-70810fa elementor-widget elementor-widget-image\" data-id=\"70810fa\" data-element_type=\"widget\" data-e-type=\"widget\" data-widget_type=\"image.default\"> \t\t\t\t\t\t\t\t\t\t\t\t\t\t\t<img loading=\"lazy\" decoding=\"async\" width=\"720\" height=\"540\" src=\"https:\/\/shuliyplastic.com\/wp-content\/uploads\/2025\/10\/fully-automatic-egg-tray-machine.webp\" class=\"attachment-large size-large wp-image-8630\" alt=\"m\u00e1quina de bandejas de huevo totalmente autom\u00e1tica\" srcset=\"https:\/\/shuliyplastic.com\/wp-content\/uploads\/2025\/10\/fully-automatic-egg-tray-machine.webp 720w, https:\/\/shuliyplastic.com\/wp-content\/uploads\/2025\/10\/fully-automatic-egg-tray-machine-360x270.webp 360w, https:\/\/shuliyplastic.com\/wp-content\/uploads\/2025\/10\/fully-automatic-egg-tray-machine-240x180.webp 240w, https:\/\/shuliyplastic.com\/wp-content\/uploads\/2025\/10\/fully-automatic-egg-tray-machine-16x12.webp 16w\" sizes=\"(max-width: 720px) 100vw, 720px\" \/>\t\t\t\t\t\t\t\t\t\t\t\t\t\t\t<\/div> \t\t\t\t<\/div> \t\t<div class=\"elementor-element elementor-element-f7ed96d e-con-full e-flex e-con e-child\" data-id=\"f7ed96d\" data-element_type=\"container\" data-e-type=\"container\"> \t\t\t\t<div class=\"elementor-element elementor-element-ba37147 elementor-widget elementor-widget-text-editor\" data-id=\"ba37147\" data-element_type=\"widget\" data-e-type=\"widget\" data-widget_type=\"text-editor.default\"> \t\t\t\t\t\t\t\t\t<p class=\"translation-block\"><strong>Soluciones de moldeado de papel y pulpa<\/strong>: Nuestras l\u00edneas de producci\u00f3n de m\u00e1quinas de bandejas de huevos de alta eficiencia pueden transformar pulpa de papel de desecho en productos de alto valor como bandejas de huevos y bandejas de frutas. Ofrecemos un conjunto completo de equipos de moldeo de pulpa y soporte t\u00e9cnico, desde el pulpeo hasta el secado.<\/p>\t\t\t\t\t\t\t\t<\/div> \t\t\t\t<\/div> \t\t\t\t\t<\/div> \t\t\t\t<\/div> \t\t<div class=\"elementor-element elementor-element-de4e147 e-flex e-con-boxed e-con e-parent\" data-id=\"de4e147\" data-element_type=\"container\" data-e-type=\"container\"> \t\t\t\t\t<div class=\"e-con-inner\"> \t\t<div class=\"elementor-element elementor-element-e1635b1 e-con-full e-flex e-con e-child\" data-id=\"e1635b1\" data-element_type=\"container\" data-e-type=\"container\"> \t\t\t\t<div class=\"elementor-element elementor-element-1597744 elementor-widget elementor-widget-text-editor\" data-id=\"1597744\" data-element_type=\"widget\" data-e-type=\"widget\" data-widget_type=\"text-editor.default\"> \t\t\t\t\t\t\t\t\t<p class=\"translation-block\"><strong>Soluciones de reciclaje de metales<\/strong>: Para todo tipo de chatarra met\u00e1lica, ofrecemos cizallas de p\u00f3rtico potentes, trituradoras de metal y equipos de apilamiento capaces de procesar materiales desde latas de aluminio y caparazones de autom\u00f3viles hasta chatarra de acero pesada, convirti\u00e9ndolos en la opci\u00f3n ideal para chatarrer\u00edas y acer\u00edas.<\/p>\t\t\t\t\t\t\t\t<\/div> \t\t\t\t<\/div> \t\t<div class=\"elementor-element elementor-element-8af837a e-con-full e-flex e-con e-child\" data-id=\"8af837a\" data-element_type=\"container\" data-e-type=\"container\"> \t\t\t\t<div class=\"elementor-element elementor-element-be52bb0 elementor-widget elementor-widget-image\" data-id=\"be52bb0\" data-element_type=\"widget\" data-e-type=\"widget\" data-widget_type=\"image.default\"> \t\t\t\t\t\t\t\t\t\t\t\t\t\t\t<img loading=\"lazy\" decoding=\"async\" width=\"720\" height=\"540\" src=\"https:\/\/shuliyplastic.com\/wp-content\/uploads\/2025\/10\/baling-scrap-metal.webp\" class=\"attachment-large size-large wp-image-8638\" alt=\"apilamiento de chatarra met\u00e1lica\" srcset=\"https:\/\/shuliyplastic.com\/wp-content\/uploads\/2025\/10\/baling-scrap-metal.webp 720w, https:\/\/shuliyplastic.com\/wp-content\/uploads\/2025\/10\/baling-scrap-metal-360x270.webp 360w, https:\/\/shuliyplastic.com\/wp-content\/uploads\/2025\/10\/baling-scrap-metal-240x180.webp 240w, https:\/\/shuliyplastic.com\/wp-content\/uploads\/2025\/10\/baling-scrap-metal-16x12.webp 16w\" sizes=\"(max-width: 720px) 100vw, 720px\" \/>\t\t\t\t\t\t\t\t\t\t\t\t\t\t\t<\/div> \t\t\t\t<\/div> \t\t\t\t\t<\/div> \t\t\t\t<\/div> \t\t<div class=\"elementor-element elementor-element-6170cdb e-flex e-con-boxed e-con e-parent\" data-id=\"6170cdb\" data-element_type=\"container\" data-e-type=\"container\"> \t\t\t\t\t<div class=\"e-con-inner\"> \t\t<div class=\"elementor-element elementor-element-b6ea844 e-con-full e-flex e-con e-child\" data-id=\"b6ea844\" data-element_type=\"container\" data-e-type=\"container\"> \t\t\t\t<div class=\"elementor-element elementor-element-fe43a9a elementor-widget elementor-widget-image\" data-id=\"fe43a9a\" data-element_type=\"widget\" data-e-type=\"widget\" data-widget_type=\"image.default\"> \t\t\t\t\t\t\t\t\t\t\t\t\t\t\t<img loading=\"lazy\" decoding=\"async\" width=\"720\" height=\"540\" src=\"https:\/\/shuliyplastic.com\/wp-content\/uploads\/2025\/10\/Textile-recycling-machine.webp\" class=\"attachment-large size-large wp-image-8642\" alt=\"M\u00e1quina de reciclaje textil\" srcset=\"https:\/\/shuliyplastic.com\/wp-content\/uploads\/2025\/10\/Textile-recycling-machine.webp 720w, https:\/\/shuliyplastic.com\/wp-content\/uploads\/2025\/10\/Textile-recycling-machine-360x270.webp 360w, https:\/\/shuliyplastic.com\/wp-content\/uploads\/2025\/10\/Textile-recycling-machine-240x180.webp 240w, https:\/\/shuliyplastic.com\/wp-content\/uploads\/2025\/10\/Textile-recycling-machine-16x12.webp 16w\" sizes=\"(max-width: 720px) 100vw, 720px\" \/>\t\t\t\t\t\t\t\t\t\t\t\t\t\t\t<\/div> \t\t\t\t<\/div> \t\t<div class=\"elementor-element elementor-element-bbb20f3 e-con-full e-flex e-con e-child\" data-id=\"bbb20f3\" data-element_type=\"container\" data-e-type=\"container\"> \t\t\t\t<div class=\"elementor-element elementor-element-93e5248 elementor-widget elementor-widget-text-editor\" data-id=\"93e5248\" data-element_type=\"widget\" data-e-type=\"widget\" data-widget_type=\"text-editor.default\"> \t\t\t\t\t\t\t\t\t<p class=\"translation-block\"><strong>Soluciones de reciclaje de fibra<\/strong>: M\u00e1quinas innovadoras de corte y limpieza de textiles que procesan residuos de tela y restos textiles en fibras reutilizables para diversas aplicaciones industriales.<\/p>\t\t\t\t\t\t\t\t<\/div> \t\t\t\t<\/div> \t\t\t\t\t<\/div> \t\t\t\t<\/div> \t\t<div class=\"elementor-element elementor-element-a0053c4 e-flex e-con-boxed e-con e-parent\" data-id=\"a0053c4\" data-element_type=\"container\" data-e-type=\"container\"> \t\t\t\t\t<div class=\"e-con-inner\"> \t\t<div class=\"elementor-element elementor-element-2965a94 e-con-full e-flex e-con e-child\" data-id=\"2965a94\" data-element_type=\"container\" data-e-type=\"container\" data-settings=\"{&quot;background_background&quot;:&quot;classic&quot;}\"> \t\t\t\t<div class=\"elementor-element elementor-element-9f56e44 elementor-widget elementor-widget-heading\" data-id=\"9f56e44\" data-element_type=\"widget\" data-e-type=\"widget\" data-widget_type=\"heading.default\"> \t\t\t\t\t<h2 class=\"elementor-heading-title elementor-size-default\">El cliente primero<\/h2>\t\t\t\t<\/div> \t\t\t\t<div class=\"elementor-element elementor-element-b12cb94 elementor-widget elementor-widget-text-editor\" data-id=\"b12cb94\" data-element_type=\"widget\" data-e-type=\"widget\" data-widget_type=\"text-editor.default\"> \t\t\t\t\t\t\t\t\t<p>Nuestra huella es verdaderamente global. Nos enorgullece haber entregado soluciones de reciclaje confiables a clientes en m\u00e1s de 100 pa\u00edses y regiones en Asia, \u00c1frica, Europa, Am\u00e9rica del Sur y Oriente Medio. Entendemos que cada mercado tiene sus desaf\u00edos y oportunidades \u00fanicos, desde las caracter\u00edsticas de las materias primas locales hasta los presupuestos de inversi\u00f3n, y destacamos en adaptar soluciones para satisfacer estas necesidades espec\u00edficas.<\/p>\t\t\t\t\t\t\t\t<\/div> \t\t\t\t<div class=\"elementor-element elementor-element-9a93c9a elementor-widget elementor-widget-text-editor\" data-id=\"9a93c9a\" data-element_type=\"widget\" data-e-type=\"widget\" data-widget_type=\"text-editor.default\"> \t\t\t\t\t\t\t\t\t<p>Ya sea ayudando a un emprendedor en Nigeria a establecer su primera planta de reciclaje de botellas de pl\u00e1stico, proporcionando una l\u00ednea personalizada de polvo de caucho de neum\u00e1ticos de desecho para una gran empresa en Arabia Saudita, o asistiendo a un cliente en Brasil para optimizar la eficiencia de su m\u00e1quina de bandejas de huevos, nuestro enfoque sigue siendo el mismo. No solo vendemos una m\u00e1quina; entregamos una soluci\u00f3n de reciclaje completa que genera valor a largo plazo y \u00e9xito comercial para nuestros socios.<\/p>\t\t\t\t\t\t\t\t<\/div> \t\t\t\t<\/div> \t\t<div class=\"elementor-element elementor-element-752d1bf e-con-full e-flex e-con e-child\" data-id=\"752d1bf\" data-element_type=\"container\" data-e-type=\"container\"> \t\t\t\t<div class=\"elementor-element elementor-element-7d8d79b elementor-widget elementor-widget-image\" data-id=\"7d8d79b\" data-element_type=\"widget\" data-e-type=\"widget\" data-widget_type=\"image.default\"> \t\t\t\t\t\t\t\t\t\t\t\t\t\t\t<img loading=\"lazy\" decoding=\"async\" width=\"459\" height=\"540\" src=\"https:\/\/shuliyplastic.com\/wp-content\/uploads\/2023\/06\/our-customers-459x540.jpg\" class=\"attachment-large size-large wp-image-766\" alt=\"\" srcset=\"https:\/\/shuliyplastic.com\/wp-content\/uploads\/2023\/06\/our-customers-459x540.jpg 459w, https:\/\/shuliyplastic.com\/wp-content\/uploads\/2023\/06\/our-customers-230x270.jpg 230w, https:\/\/shuliyplastic.com\/wp-content\/uploads\/2023\/06\/our-customers.jpg 750w\" sizes=\"(max-width: 459px) 100vw, 459px\" \/>\t\t\t\t\t\t\t\t\t\t\t\t\t\t\t<\/div> \t\t\t\t<\/div> \t\t\t\t\t<\/div> \t\t\t\t<\/div> \t\t<div class=\"elementor-element elementor-element-18f429d e-flex e-con-boxed e-con e-parent\" data-id=\"18f429d\" data-element_type=\"container\" data-e-type=\"container\"> \t\t\t\t\t<div class=\"e-con-inner\"> \t\t<div class=\"elementor-element elementor-element-dd8c18b e-con-full e-flex e-con e-child\" data-id=\"dd8c18b\" data-element_type=\"container\" data-e-type=\"container\"> \t\t\t\t<div class=\"elementor-element elementor-element-c6e6785 elementor-widget elementor-widget-image\" data-id=\"c6e6785\" data-element_type=\"widget\" data-e-type=\"widget\" data-widget_type=\"image.default\"> \t\t\t\t\t\t\t\t\t\t\t\t\t\t\t<img loading=\"lazy\" decoding=\"async\" width=\"720\" height=\"405\" src=\"https:\/\/shuliyplastic.com\/wp-content\/uploads\/2023\/05\/\u88c5\u8f66\u56fe_4.jpg\" class=\"attachment-large size-large wp-image-203\" alt=\"\" srcset=\"https:\/\/shuliyplastic.com\/wp-content\/uploads\/2023\/05\/\u88c5\u8f66\u56fe_4.jpg 720w, https:\/\/shuliyplastic.com\/wp-content\/uploads\/2023\/05\/\u88c5\u8f66\u56fe_4-360x203.jpg 360w\" sizes=\"(max-width: 720px) 100vw, 720px\" \/>\t\t\t\t\t\t\t\t\t\t\t\t\t\t\t<\/div> \t\t\t\t<\/div> \t\t<div class=\"elementor-element elementor-element-ef5df65 e-con-full e-flex e-con e-child\" data-id=\"ef5df65\" data-element_type=\"container\" data-e-type=\"container\" data-settings=\"{&quot;background_background&quot;:&quot;classic&quot;}\"> \t\t\t\t<div class=\"elementor-element elementor-element-a5762fa elementor-widget elementor-widget-heading\" data-id=\"a5762fa\" data-element_type=\"widget\" data-e-type=\"widget\" data-widget_type=\"heading.default\"> \t\t\t\t\t<h2 class=\"elementor-heading-title elementor-size-default\">Servicio<\/h2>\t\t\t\t<\/div> \t\t\t\t<div class=\"elementor-element elementor-element-7d85d20 elementor-widget elementor-widget-text-editor\" data-id=\"7d85d20\" data-element_type=\"widget\" data-e-type=\"widget\" data-widget_type=\"text-editor.default\"> \t\t\t\t\t\t\t\t\t<p>Respuesta r\u00e1pida a las consultas de los clientes y una gama completa de servicios atentos.<\/p>\t\t\t\t\t\t\t\t<\/div> \t\t\t\t<div class=\"elementor-element elementor-element-27d683a elementor-icon-list--layout-traditional elementor-list-item-link-full_width elementor-widget elementor-widget-icon-list\" data-id=\"27d683a\" data-element_type=\"widget\" data-e-type=\"widget\" data-widget_type=\"icon-list.default\"> \t\t\t\t\t\t\t<ul class=\"elementor-icon-list-items\"> \t\t\t\t\t\t\t<li class=\"elementor-icon-list-item\"> \t\t\t\t\t\t\t\t\t\t\t<span class=\"elementor-icon-list-icon\"> \t\t\t\t\t\t\t<svg aria-hidden=\"true\" class=\"e-font-icon-svg e-fas-check\" viewbox=\"0 0 512 512\" xmlns=\"http:\/\/www.w3.org\/2000\/svg\"><path d=\"M173.898 439.404l-166.4-166.4c-9.997-9.997-9.997-26.206 0-36.204l36.203-36.204c9.997-9.998 26.207-9.998 36.204 0L192 312.69 432.095 72.596c9.997-9.997 26.207-9.997 36.204 0l36.203 36.204c9.997 9.997 9.997 26.206 0 36.204l-294.4 294.401c-9.998 9.997-26.207 9.997-36.204-.001z\"><\/path><\/svg>\t\t\t\t\t\t<\/span> \t\t\t\t\t\t\t\t\t\t<span class=\"elementor-icon-list-text\"><b>Preventa<\/b>: Proporcione a los clientes las soluciones necesarias como informe de viabilidad de inversi\u00f3n, planificaci\u00f3n del dise\u00f1o del programa y dise\u00f1o de la planta de forma gratuita y r\u00e1pida. Dise\u00f1e y fabrique equipos de reciclaje de pl\u00e1stico seg\u00fan sus necesidades.<\/span> \t\t\t\t\t\t\t\t\t<\/li> \t\t\t\t\t\t\t\t<li class=\"elementor-icon-list-item\"> \t\t\t\t\t\t\t\t\t\t\t<span class=\"elementor-icon-list-icon\"> \t\t\t\t\t\t\t<svg aria-hidden=\"true\" class=\"e-font-icon-svg e-fas-check\" viewbox=\"0 0 512 512\" xmlns=\"http:\/\/www.w3.org\/2000\/svg\"><path d=\"M173.898 439.404l-166.4-166.4c-9.997-9.997-9.997-26.206 0-36.204l36.203-36.204c9.997-9.998 26.207-9.998 36.204 0L192 312.69 432.095 72.596c9.997-9.997 26.207-9.997 36.204 0l36.203 36.204c9.997 9.997 9.997 26.206 0 36.204l-294.4 294.401c-9.998 9.997-26.207 9.997-36.204-.001z\"><\/path><\/svg>\t\t\t\t\t\t<\/span> \t\t\t\t\t\t\t\t\t\t<span class=\"elementor-icon-list-text\"><b>En oferta<\/b>: Personalizaci\u00f3n profesional, proceso de producci\u00f3n avanzado, acompa\u00f1ando a los clientes para completar la aceptaci\u00f3n del equipo de reciclaje, y proporcionando soluciones de instalaci\u00f3n.<\/span> \t\t\t\t\t\t\t\t\t<\/li> \t\t\t\t\t\t\t\t<li class=\"elementor-icon-list-item\"> \t\t\t\t\t\t\t\t\t\t\t<span class=\"elementor-icon-list-icon\"> \t\t\t\t\t\t\t<svg aria-hidden=\"true\" class=\"e-font-icon-svg e-fas-check\" viewbox=\"0 0 512 512\" xmlns=\"http:\/\/www.w3.org\/2000\/svg\"><path d=\"M173.898 439.404l-166.4-166.4c-9.997-9.997-9.997-26.206 0-36.204l36.203-36.204c9.997-9.998 26.207-9.998 36.204 0L192 312.69 432.095 72.596c9.997-9.997 26.207-9.997 36.204 0l36.203 36.204c9.997 9.997 9.997 26.206 0 36.204l-294.4 294.401c-9.998 9.997-26.207 9.997-36.204-.001z\"><\/path><\/svg>\t\t\t\t\t\t<\/span> \t\t\t\t\t\t\t\t\t\t<span class=\"elementor-icon-list-text\"><b>Postventa<\/b>: Nuestro equipo profesional de servicio postventa puede proporcionar instalaci\u00f3n y puesta en marcha, formaci\u00f3n t\u00e9cnica, piezas de repuesto y piezas de desgaste, y servicios de mantenimiento durante el per\u00edodo de garant\u00eda para garantizar el funcionamiento normal del equipo.<\/span> \t\t\t\t\t\t\t\t\t<\/li> \t\t\t\t\t\t<\/ul> \t\t\t\t\t\t<\/div> \t\t\t\t<\/div> \t\t\t\t\t<\/div> \t\t\t\t<\/div> \t\t\t\t<\/div>","protected":false},"excerpt":{"rendered":"<p>About Us About Shuliy Shuliy Machinery was established in 2011, specializing in the development and production of recycling equipment of plastic, tire, fiber, metal and paper. In more than ten years of business, Shuliy Machinery has always insisted on the mission of \u201cLetting Chinese machines change every corner of the world \u201d. We do everything [&hellip;]<\/p>\n","protected":false},"author":1,"featured_media":0,"parent":0,"menu_order":0,"comment_status":"closed","ping_status":"closed","template":"","meta":{"footnotes":""},"class_list":["post-8","page","type-page","status-publish","hentry"],"_links":{"self":[{"href":"https:\/\/shuliyplastic.com\/es\/wp-json\/wp\/v2\/pages\/8","targetHints":{"allow":["GET"]}}],"collection":[{"href":"https:\/\/shuliyplastic.com\/es\/wp-json\/wp\/v2\/pages"}],"about":[{"href":"https:\/\/shuliyplastic.com\/es\/wp-json\/wp\/v2\/types\/page"}],"author":[{"embeddable":true,"href":"https:\/\/shuliyplastic.com\/es\/wp-json\/wp\/v2\/users\/1"}],"replies":[{"embeddable":true,"href":"https:\/\/shuliyplastic.com\/es\/wp-json\/wp\/v2\/comments?post=8"}],"version-history":[{"count":0,"href":"https:\/\/shuliyplastic.com\/es\/wp-json\/wp\/v2\/pages\/8\/revisions"}],"wp:attachment":[{"href":"https:\/\/shuliyplastic.com\/es\/wp-json\/wp\/v2\/media?parent=8"}],"curies":[{"name":"wp","href":"https:\/\/api.w.org\/{rel}","templated":true}]}}