{"id":8,"date":"2023-05-26T10:03:41","date_gmt":"2023-05-26T02:03:41","guid":{"rendered":"https:\/\/shuliyplastic.com\/?page_id=8"},"modified":"2025-10-09T17:14:22","modified_gmt":"2025-10-09T09:14:22","slug":"about-us","status":"publish","type":"page","link":"https:\/\/shuliyplastic.com\/de\/about-us\/","title":{"rendered":"\u00dcber uns"},"content":{"rendered":"<div data-elementor-type=\"wp-page\" data-elementor-id=\"8\" class=\"elementor elementor-8\" data-elementor-post-type=\"page\"> \t\t\t\t<div class=\"elementor-element elementor-element-65ccc6c e-flex e-con-boxed e-con e-parent\" data-id=\"65ccc6c\" data-element_type=\"container\" data-e-type=\"container\" data-settings=\"{&quot;background_background&quot;:&quot;classic&quot;}\"> \t\t\t\t\t<div class=\"e-con-inner\"> \t\t\t\t<div class=\"elementor-element elementor-element-582c742 elementor-widget elementor-widget-heading\" data-id=\"582c742\" data-element_type=\"widget\" data-e-type=\"widget\" data-widget_type=\"heading.default\"> \t\t\t\t\t<h2 class=\"elementor-heading-title elementor-size-default\">\u00dcber uns<\/h2>\t\t\t\t<\/div> \t\t\t\t<div class=\"elementor-element elementor-element-eb80ad7 elementor-widget elementor-widget-shortcode\" data-id=\"eb80ad7\" data-element_type=\"widget\" data-e-type=\"widget\" data-widget_type=\"shortcode.default\"> \t\t\t\t\t\t\t<div class=\"elementor-shortcode\"><nav aria-label=\"Semmelbr\u00f6sel\" class=\"rank-math-breadcrumb\"><p><span class=\"last\">Heim<\/span><\/p><\/nav> <\/div> \t\t\t\t\t\t<\/div> \t\t\t\t\t<\/div> \t\t\t\t<\/div> \t\t<div class=\"elementor-element elementor-element-7bd2dc9 e-flex e-con-boxed e-con e-parent\" data-id=\"7bd2dc9\" data-element_type=\"container\" data-e-type=\"container\" data-settings=\"{&quot;background_background&quot;:&quot;classic&quot;}\"> \t\t\t\t\t<div class=\"e-con-inner\"> \t\t<div class=\"elementor-element elementor-element-1143152 e-con-full e-flex e-con e-child\" data-id=\"1143152\" data-element_type=\"container\" data-e-type=\"container\" data-settings=\"{&quot;background_background&quot;:&quot;classic&quot;}\"> \t\t\t\t<div class=\"elementor-element elementor-element-26442a4 elementor-widget elementor-widget-heading\" data-id=\"26442a4\" data-element_type=\"widget\" data-e-type=\"widget\" data-widget_type=\"heading.default\"> \t\t\t\t\t<h2 class=\"elementor-heading-title elementor-size-default\">\u00dcber Shuliy<\/h2>\t\t\t\t<\/div> \t\t\t\t<div class=\"elementor-element elementor-element-01ded6a elementor-widget elementor-widget-text-editor\" data-id=\"01ded6a\" data-element_type=\"widget\" data-e-type=\"widget\" data-widget_type=\"text-editor.default\"> \t\t\t\t\t\t\t\t\t<p>Shuliy Machinery wurde 2011 gegr\u00fcndet und spezialisiert sich auf die Entwicklung und Produktion von Recyclinganlagen f\u00fcr Kunststoff, Reifen, Faser, Metall und Papier. In mehr als zehn Jahren Gesch\u00e4ftst\u00e4tigkeit hat Shuliy Machinery stets an der Mission festgehalten: \u201eLasst chinesische Maschinen jeden Winkel der Welt ver\u00e4ndern\u201c. Wir setzen alles daran, unseren Kunden Mehrwert zu bieten, damit unsere Recyclingmaschinen ihnen helfen k\u00f6nnen zu produzieren und zu betreiben, die Produktionseffizienz zu verbessern und profitabler zu werden.<\/p>\t\t\t\t\t\t\t\t<\/div> \t\t\t\t<\/div> \t\t<div class=\"elementor-element elementor-element-ae2de58 e-con-full e-flex e-con e-child\" data-id=\"ae2de58\" data-element_type=\"container\" data-e-type=\"container\"> \t\t\t\t<div class=\"elementor-element elementor-element-b71687d elementor-widget elementor-widget-image\" data-id=\"b71687d\" data-element_type=\"widget\" data-e-type=\"widget\" data-widget_type=\"image.default\"> \t\t\t\t\t\t\t\t\t\t\t\t\t\t\t<img fetchpriority=\"high\" decoding=\"async\" width=\"720\" height=\"377\" src=\"https:\/\/shuliyplastic.com\/wp-content\/uploads\/2023\/05\/shuliy-machinery-720x377.jpg\" class=\"attachment-large size-large wp-image-134\" alt=\"\" srcset=\"https:\/\/shuliyplastic.com\/wp-content\/uploads\/2023\/05\/shuliy-machinery-720x377.jpg 720w, https:\/\/shuliyplastic.com\/wp-content\/uploads\/2023\/05\/shuliy-machinery-360x189.jpg 360w, https:\/\/shuliyplastic.com\/wp-content\/uploads\/2023\/05\/shuliy-machinery-768x402.jpg 768w, https:\/\/shuliyplastic.com\/wp-content\/uploads\/2023\/05\/shuliy-machinery.jpg 1352w\" sizes=\"(max-width: 720px) 100vw, 720px\" \/>\t\t\t\t\t\t\t\t\t\t\t\t\t\t\t<\/div> \t\t\t\t<\/div> \t\t\t\t\t<\/div> \t\t\t\t<\/div> \t\t<div class=\"elementor-element elementor-element-5e35da5 e-flex e-con-boxed e-con e-parent\" data-id=\"5e35da5\" data-element_type=\"container\" data-e-type=\"container\"> \t\t\t\t\t<div class=\"e-con-inner\"> \t\t<div class=\"elementor-element elementor-element-ad01cc4 e-con-full e-flex e-con e-child\" data-id=\"ad01cc4\" data-element_type=\"container\" data-e-type=\"container\"> \t\t\t\t<div class=\"elementor-element elementor-element-0f5db9e elementor-widget elementor-widget-heading\" data-id=\"0f5db9e\" data-element_type=\"widget\" data-e-type=\"widget\" data-widget_type=\"heading.default\"> \t\t\t\t\t<h2 class=\"elementor-heading-title elementor-size-default\">Was wir anbieten: Ein Spektrum an Recyclingl\u00f6sungen<\/h2>\t\t\t\t<\/div> \t\t\t\t<div class=\"elementor-element elementor-element-552dbdd elementor-widget elementor-widget-text-editor\" data-id=\"552dbdd\" data-element_type=\"widget\" data-e-type=\"widget\" data-widget_type=\"text-editor.default\"> \t\t\t\t\t\t\t\t\t<p>Unser Fachwissen deckt den gesamten Lebenszyklus der Abfallwiederverwertung ab. Wir bieten alles von eigenst\u00e4ndigen Maschinen bis hin zu kompletten, ma\u00dfgeschneiderten Anlagen. Unsere Hauptproduktkategorien umfassen:<\/p>\t\t\t\t\t\t\t\t<\/div> \t\t\t\t<\/div> \t\t\t\t\t<\/div> \t\t\t\t<\/div> \t\t<div class=\"elementor-element elementor-element-284683a e-flex e-con-boxed e-con e-parent\" data-id=\"284683a\" data-element_type=\"container\" data-e-type=\"container\"> \t\t\t\t\t<div class=\"e-con-inner\"> \t\t<div class=\"elementor-element elementor-element-9a94970 e-con-full e-flex e-con e-child\" data-id=\"9a94970\" data-element_type=\"container\" data-e-type=\"container\"> \t\t\t\t<div class=\"elementor-element elementor-element-516d756 elementor-widget elementor-widget-image\" data-id=\"516d756\" data-element_type=\"widget\" data-e-type=\"widget\" data-widget_type=\"image.default\"> \t\t\t\t\t\t\t\t\t\t\t\t\t\t\t<img decoding=\"async\" width=\"720\" height=\"540\" src=\"https:\/\/shuliyplastic.com\/wp-content\/uploads\/2025\/10\/plastic-recycling-production-line.webp\" class=\"attachment-large size-large wp-image-8624\" alt=\"Produktionslinie f\u00fcr Kunststoffrecycling\" srcset=\"https:\/\/shuliyplastic.com\/wp-content\/uploads\/2025\/10\/plastic-recycling-production-line.webp 720w, https:\/\/shuliyplastic.com\/wp-content\/uploads\/2025\/10\/plastic-recycling-production-line-360x270.webp 360w, https:\/\/shuliyplastic.com\/wp-content\/uploads\/2025\/10\/plastic-recycling-production-line-240x180.webp 240w, https:\/\/shuliyplastic.com\/wp-content\/uploads\/2025\/10\/plastic-recycling-production-line-16x12.webp 16w\" sizes=\"(max-width: 720px) 100vw, 720px\" \/>\t\t\t\t\t\t\t\t\t\t\t\t\t\t\t<\/div> \t\t\t\t<\/div> \t\t<div class=\"elementor-element elementor-element-039b0f6 e-con-full e-flex e-con e-child\" data-id=\"039b0f6\" data-element_type=\"container\" data-e-type=\"container\"> \t\t\t\t<div class=\"elementor-element elementor-element-874349f elementor-widget elementor-widget-text-editor\" data-id=\"874349f\" data-element_type=\"widget\" data-e-type=\"widget\" data-widget_type=\"text-editor.default\"> \t\t\t\t\t\t\t\t\t<p class=\"translation-block\"><strong>Plastik-Recycling-L\u00f6sungen<\/strong>: Wir bieten komplette Recycling-Produktionslinien f\u00fcr alles von Abfallplastikflaschen und Folien bis hin zu festen Kunststoffen. Unser Angebot umfasst zentrale Ausr\u00fcstungen wie Kunststoffzerkleinerer, Kunststoffwaschlinien und Kunststoff- pelletierer, um sicherzustellen, dass die endg\u00fcltigen Kunststoffgranulate rein und von hoher Qualit\u00e4t sind.<\/p>\t\t\t\t\t\t\t\t<\/div> \t\t\t\t<\/div> \t\t\t\t\t<\/div> \t\t\t\t<\/div> \t\t<div class=\"elementor-element elementor-element-1a50c0d e-flex e-con-boxed e-con e-parent\" data-id=\"1a50c0d\" data-element_type=\"container\" data-e-type=\"container\"> \t\t\t\t\t<div class=\"e-con-inner\"> \t\t<div class=\"elementor-element elementor-element-5730a97 e-con-full e-flex e-con e-child\" data-id=\"5730a97\" data-element_type=\"container\" data-e-type=\"container\"> \t\t\t\t<div class=\"elementor-element elementor-element-e4b724b elementor-widget elementor-widget-text-editor\" data-id=\"e4b724b\" data-element_type=\"widget\" data-e-type=\"widget\" data-widget_type=\"text-editor.default\"> \t\t\t\t\t\t\t\t\t<p class=\"translation-block\"><strong>Gummi-Recycling-L\u00f6sungen<\/strong>: Unsere professionellen Abfall-Gummi-Verarbeitungsanlagen k\u00f6nnen Reifen effizient in Gummi-Pulver, Stahlband und Faser zerlegen. Unser Kernger\u00e4t, die Gummi-Pulver-Maschine, verf\u00fcgt \u00fcber fortschrittliche Technik, und deren Aussto\u00df wird in Anwendungen wie Laufbahnen und wasserdichten Materialien weit verwendet.<\/p>\t\t\t\t\t\t\t\t<\/div> \t\t\t\t<\/div> \t\t<div class=\"elementor-element elementor-element-586a4dd e-con-full e-flex e-con e-child\" data-id=\"586a4dd\" data-element_type=\"container\" data-e-type=\"container\"> \t\t\t\t<div class=\"elementor-element elementor-element-e683b55 elementor-widget elementor-widget-image\" data-id=\"e683b55\" data-element_type=\"widget\" data-e-type=\"widget\" data-widget_type=\"image.default\"> \t\t\t\t\t\t\t\t\t\t\t\t\t\t\t<img decoding=\"async\" width=\"720\" height=\"540\" src=\"https:\/\/shuliyplastic.com\/wp-content\/uploads\/2025\/10\/waste-tire-recycling-plant.webp\" class=\"attachment-large size-large wp-image-8626\" alt=\"Abfall -Reifenrecyclinganlage\" srcset=\"https:\/\/shuliyplastic.com\/wp-content\/uploads\/2025\/10\/waste-tire-recycling-plant.webp 720w, https:\/\/shuliyplastic.com\/wp-content\/uploads\/2025\/10\/waste-tire-recycling-plant-360x270.webp 360w, https:\/\/shuliyplastic.com\/wp-content\/uploads\/2025\/10\/waste-tire-recycling-plant-240x180.webp 240w, https:\/\/shuliyplastic.com\/wp-content\/uploads\/2025\/10\/waste-tire-recycling-plant-16x12.webp 16w\" sizes=\"(max-width: 720px) 100vw, 720px\" \/>\t\t\t\t\t\t\t\t\t\t\t\t\t\t\t<\/div> \t\t\t\t<\/div> \t\t\t\t\t<\/div> \t\t\t\t<\/div> \t\t<div class=\"elementor-element elementor-element-48e70bf e-flex e-con-boxed e-con e-parent\" data-id=\"48e70bf\" data-element_type=\"container\" data-e-type=\"container\"> \t\t\t\t\t<div class=\"e-con-inner\"> \t\t<div class=\"elementor-element elementor-element-e9bbece e-con-full e-flex e-con e-child\" data-id=\"e9bbece\" data-element_type=\"container\" data-e-type=\"container\"> \t\t\t\t<div class=\"elementor-element elementor-element-70810fa elementor-widget elementor-widget-image\" data-id=\"70810fa\" data-element_type=\"widget\" data-e-type=\"widget\" data-widget_type=\"image.default\"> \t\t\t\t\t\t\t\t\t\t\t\t\t\t\t<img loading=\"lazy\" decoding=\"async\" width=\"720\" height=\"540\" src=\"https:\/\/shuliyplastic.com\/wp-content\/uploads\/2025\/10\/fully-automatic-egg-tray-machine.webp\" class=\"attachment-large size-large wp-image-8630\" alt=\"vollautomatische Eierkartonmaschine\" srcset=\"https:\/\/shuliyplastic.com\/wp-content\/uploads\/2025\/10\/fully-automatic-egg-tray-machine.webp 720w, https:\/\/shuliyplastic.com\/wp-content\/uploads\/2025\/10\/fully-automatic-egg-tray-machine-360x270.webp 360w, https:\/\/shuliyplastic.com\/wp-content\/uploads\/2025\/10\/fully-automatic-egg-tray-machine-240x180.webp 240w, https:\/\/shuliyplastic.com\/wp-content\/uploads\/2025\/10\/fully-automatic-egg-tray-machine-16x12.webp 16w\" sizes=\"(max-width: 720px) 100vw, 720px\" \/>\t\t\t\t\t\t\t\t\t\t\t\t\t\t\t<\/div> \t\t\t\t<\/div> \t\t<div class=\"elementor-element elementor-element-f7ed96d e-con-full e-flex e-con e-child\" data-id=\"f7ed96d\" data-element_type=\"container\" data-e-type=\"container\"> \t\t\t\t<div class=\"elementor-element elementor-element-ba37147 elementor-widget elementor-widget-text-editor\" data-id=\"ba37147\" data-element_type=\"widget\" data-e-type=\"widget\" data-widget_type=\"text-editor.default\"> \t\t\t\t\t\t\t\t\t<p class=\"translation-block\"><strong>Paper &amp; Pulp Molding Solutions<\/strong>: Unsere hocheffizienten Eierkarton-Maschinen-Produktionslinien k\u00f6nnen Restpapierpulpe in hochwertige Produkte wie Eierkartons und Obstkisten umwandeln. Wir bieten eine vollst\u00e4ndige Palette an Pulplinien-\/Formmaschinen und technischen Support, von Zerkleinern bis Trocknen.<\/p>\t\t\t\t\t\t\t\t<\/div> \t\t\t\t<\/div> \t\t\t\t\t<\/div> \t\t\t\t<\/div> \t\t<div class=\"elementor-element elementor-element-de4e147 e-flex e-con-boxed e-con e-parent\" data-id=\"de4e147\" data-element_type=\"container\" data-e-type=\"container\"> \t\t\t\t\t<div class=\"e-con-inner\"> \t\t<div class=\"elementor-element elementor-element-e1635b1 e-con-full e-flex e-con e-child\" data-id=\"e1635b1\" data-element_type=\"container\" data-e-type=\"container\"> \t\t\t\t<div class=\"elementor-element elementor-element-1597744 elementor-widget elementor-widget-text-editor\" data-id=\"1597744\" data-element_type=\"widget\" data-e-type=\"widget\" data-widget_type=\"text-editor.default\"> \t\t\t\t\t\t\t\t\t<p class=\"translation-block\"><strong>Metall-Recycling-L\u00f6sungen<\/strong>: F\u00fcr alle Arten von Schrott bieten wir leistungsstarke Br\u00fcckenbrecher, Metallschredder und Ballenpressen, die Materialien von Aluminiumdosen und Karosserien bis hin zu schwerem Stahlschrott verarbeiten k\u00f6nnen, und damit die ideale Wahl f\u00fcr Schrottpressenbetriebe und Stahlwerke darstellen.<\/p>\t\t\t\t\t\t\t\t<\/div> \t\t\t\t<\/div> \t\t<div class=\"elementor-element elementor-element-8af837a e-con-full e-flex e-con e-child\" data-id=\"8af837a\" data-element_type=\"container\" data-e-type=\"container\"> \t\t\t\t<div class=\"elementor-element elementor-element-be52bb0 elementor-widget elementor-widget-image\" data-id=\"be52bb0\" data-element_type=\"widget\" data-e-type=\"widget\" data-widget_type=\"image.default\"> \t\t\t\t\t\t\t\t\t\t\t\t\t\t\t<img loading=\"lazy\" decoding=\"async\" width=\"720\" height=\"540\" src=\"https:\/\/shuliyplastic.com\/wp-content\/uploads\/2025\/10\/baling-scrap-metal.webp\" class=\"attachment-large size-large wp-image-8638\" alt=\"baling scrap metal\" srcset=\"https:\/\/shuliyplastic.com\/wp-content\/uploads\/2025\/10\/baling-scrap-metal.webp 720w, https:\/\/shuliyplastic.com\/wp-content\/uploads\/2025\/10\/baling-scrap-metal-360x270.webp 360w, https:\/\/shuliyplastic.com\/wp-content\/uploads\/2025\/10\/baling-scrap-metal-240x180.webp 240w, https:\/\/shuliyplastic.com\/wp-content\/uploads\/2025\/10\/baling-scrap-metal-16x12.webp 16w\" sizes=\"(max-width: 720px) 100vw, 720px\" \/>\t\t\t\t\t\t\t\t\t\t\t\t\t\t\t<\/div> \t\t\t\t<\/div> \t\t\t\t\t<\/div> \t\t\t\t<\/div> \t\t<div class=\"elementor-element elementor-element-6170cdb e-flex e-con-boxed e-con e-parent\" data-id=\"6170cdb\" data-element_type=\"container\" data-e-type=\"container\"> \t\t\t\t\t<div class=\"e-con-inner\"> \t\t<div class=\"elementor-element elementor-element-b6ea844 e-con-full e-flex e-con e-child\" data-id=\"b6ea844\" data-element_type=\"container\" data-e-type=\"container\"> \t\t\t\t<div class=\"elementor-element elementor-element-fe43a9a elementor-widget elementor-widget-image\" data-id=\"fe43a9a\" data-element_type=\"widget\" data-e-type=\"widget\" data-widget_type=\"image.default\"> \t\t\t\t\t\t\t\t\t\t\t\t\t\t\t<img loading=\"lazy\" decoding=\"async\" width=\"720\" height=\"540\" src=\"https:\/\/shuliyplastic.com\/wp-content\/uploads\/2025\/10\/Textile-recycling-machine.webp\" class=\"attachment-large size-large wp-image-8642\" alt=\"Textil-Recycling-Maschine\" srcset=\"https:\/\/shuliyplastic.com\/wp-content\/uploads\/2025\/10\/Textile-recycling-machine.webp 720w, https:\/\/shuliyplastic.com\/wp-content\/uploads\/2025\/10\/Textile-recycling-machine-360x270.webp 360w, https:\/\/shuliyplastic.com\/wp-content\/uploads\/2025\/10\/Textile-recycling-machine-240x180.webp 240w, https:\/\/shuliyplastic.com\/wp-content\/uploads\/2025\/10\/Textile-recycling-machine-16x12.webp 16w\" sizes=\"(max-width: 720px) 100vw, 720px\" \/>\t\t\t\t\t\t\t\t\t\t\t\t\t\t\t<\/div> \t\t\t\t<\/div> \t\t<div class=\"elementor-element elementor-element-bbb20f3 e-con-full e-flex e-con e-child\" data-id=\"bbb20f3\" data-element_type=\"container\" data-e-type=\"container\"> \t\t\t\t<div class=\"elementor-element elementor-element-93e5248 elementor-widget elementor-widget-text-editor\" data-id=\"93e5248\" data-element_type=\"widget\" data-e-type=\"widget\" data-widget_type=\"text-editor.default\"> \t\t\t\t\t\t\t\t\t<p class=\"translation-block\"><strong>Faser-Recycling-L\u00f6sungen<\/strong>: Innovative Textilschneide- und Reinigungsmaschinen, die Stoffabf\u00e4lle und Textilschnipsel in wiederverwendbare Fasern f\u00fcr verschiedene industrielle Anwendungen verarbeiten.<\/p>\t\t\t\t\t\t\t\t<\/div> \t\t\t\t<\/div> \t\t\t\t\t<\/div> \t\t\t\t<\/div> \t\t<div class=\"elementor-element elementor-element-a0053c4 e-flex e-con-boxed e-con e-parent\" data-id=\"a0053c4\" data-element_type=\"container\" data-e-type=\"container\"> \t\t\t\t\t<div class=\"e-con-inner\"> \t\t<div class=\"elementor-element elementor-element-2965a94 e-con-full e-flex e-con e-child\" data-id=\"2965a94\" data-element_type=\"container\" data-e-type=\"container\" data-settings=\"{&quot;background_background&quot;:&quot;classic&quot;}\"> \t\t\t\t<div class=\"elementor-element elementor-element-9f56e44 elementor-widget elementor-widget-heading\" data-id=\"9f56e44\" data-element_type=\"widget\" data-e-type=\"widget\" data-widget_type=\"heading.default\"> \t\t\t\t\t<h2 class=\"elementor-heading-title elementor-size-default\">Der Kunde zuerst<\/h2>\t\t\t\t<\/div> \t\t\t\t<div class=\"elementor-element elementor-element-b12cb94 elementor-widget elementor-widget-text-editor\" data-id=\"b12cb94\" data-element_type=\"widget\" data-e-type=\"widget\" data-widget_type=\"text-editor.default\"> \t\t\t\t\t\t\t\t\t<p>Unsere Pr\u00e4senz ist wirklich global. Wir sind stolz darauf, zuverl\u00e4ssige Recyclingl\u00f6sungen an Kunden in \u00fcber 100 L\u00e4ndern und Regionen in Asien, Afrika, Europa, S\u00fcdamerika und dem Nahen Osten geliefert zu haben. Wir verstehen, dass jeder Markt seine eigenen Herausforderungen und Chancen hat, von lokalen Rohstoffmerkmalen bis zu Investitionsbudgets, und wir excelsieren darin, L\u00f6sungen ma\u00dfgeschneidert auf diese spezifischen Bed\u00fcrfnisse anzupassen.<\/p>\t\t\t\t\t\t\t\t<\/div> \t\t\t\t<div class=\"elementor-element elementor-element-9a93c9a elementor-widget elementor-widget-text-editor\" data-id=\"9a93c9a\" data-element_type=\"widget\" data-e-type=\"widget\" data-widget_type=\"text-editor.default\"> \t\t\t\t\t\t\t\t\t<p>Egal, ob wir einem Unternehmer in Nigeria helfen, seine erste Kunststoffflaschen-Recyclinganlage zu errichten, eine ma\u00dfgeschneiderte Gummi-Reifen-Pulverlinie f\u00fcr ein gro\u00dfes Unternehmen in Saudi-Arabien bereitstellen oder einem Kunden in Brasilien helfen, die Effizienz seiner Eierkartonmaschine zu optimieren, unser Fokus bleibt derselbe. Wir verkaufen nicht nur eine Maschine; wir liefern eine komplette Recyclingl\u00f6sung, die unseren Partnern langfristigen Wert und kommerziellen Erfolg bringt.<\/p>\t\t\t\t\t\t\t\t<\/div> \t\t\t\t<\/div> \t\t<div class=\"elementor-element elementor-element-752d1bf e-con-full e-flex e-con e-child\" data-id=\"752d1bf\" data-element_type=\"container\" data-e-type=\"container\"> \t\t\t\t<div class=\"elementor-element elementor-element-7d8d79b elementor-widget elementor-widget-image\" data-id=\"7d8d79b\" data-element_type=\"widget\" data-e-type=\"widget\" data-widget_type=\"image.default\"> \t\t\t\t\t\t\t\t\t\t\t\t\t\t\t<img loading=\"lazy\" decoding=\"async\" width=\"459\" height=\"540\" src=\"https:\/\/shuliyplastic.com\/wp-content\/uploads\/2023\/06\/our-customers-459x540.jpg\" class=\"attachment-large size-large wp-image-766\" alt=\"\" srcset=\"https:\/\/shuliyplastic.com\/wp-content\/uploads\/2023\/06\/our-customers-459x540.jpg 459w, https:\/\/shuliyplastic.com\/wp-content\/uploads\/2023\/06\/our-customers-230x270.jpg 230w, https:\/\/shuliyplastic.com\/wp-content\/uploads\/2023\/06\/our-customers.jpg 750w\" sizes=\"(max-width: 459px) 100vw, 459px\" \/>\t\t\t\t\t\t\t\t\t\t\t\t\t\t\t<\/div> \t\t\t\t<\/div> \t\t\t\t\t<\/div> \t\t\t\t<\/div> \t\t<div class=\"elementor-element elementor-element-18f429d e-flex e-con-boxed e-con e-parent\" data-id=\"18f429d\" data-element_type=\"container\" data-e-type=\"container\"> \t\t\t\t\t<div class=\"e-con-inner\"> \t\t<div class=\"elementor-element elementor-element-dd8c18b e-con-full e-flex e-con e-child\" data-id=\"dd8c18b\" data-element_type=\"container\" data-e-type=\"container\"> \t\t\t\t<div class=\"elementor-element elementor-element-c6e6785 elementor-widget elementor-widget-image\" data-id=\"c6e6785\" data-element_type=\"widget\" data-e-type=\"widget\" data-widget_type=\"image.default\"> \t\t\t\t\t\t\t\t\t\t\t\t\t\t\t<img loading=\"lazy\" decoding=\"async\" width=\"720\" height=\"405\" src=\"https:\/\/shuliyplastic.com\/wp-content\/uploads\/2023\/05\/\u88c5\u8f66\u56fe_4.jpg\" class=\"attachment-large size-large wp-image-203\" alt=\"\" srcset=\"https:\/\/shuliyplastic.com\/wp-content\/uploads\/2023\/05\/\u88c5\u8f66\u56fe_4.jpg 720w, https:\/\/shuliyplastic.com\/wp-content\/uploads\/2023\/05\/\u88c5\u8f66\u56fe_4-360x203.jpg 360w\" sizes=\"(max-width: 720px) 100vw, 720px\" \/>\t\t\t\t\t\t\t\t\t\t\t\t\t\t\t<\/div> \t\t\t\t<\/div> \t\t<div class=\"elementor-element elementor-element-ef5df65 e-con-full e-flex e-con e-child\" data-id=\"ef5df65\" data-element_type=\"container\" data-e-type=\"container\" data-settings=\"{&quot;background_background&quot;:&quot;classic&quot;}\"> \t\t\t\t<div class=\"elementor-element elementor-element-a5762fa elementor-widget elementor-widget-heading\" data-id=\"a5762fa\" data-element_type=\"widget\" data-e-type=\"widget\" data-widget_type=\"heading.default\"> \t\t\t\t\t<h2 class=\"elementor-heading-title elementor-size-default\">Service<\/h2>\t\t\t\t<\/div> \t\t\t\t<div class=\"elementor-element elementor-element-7d85d20 elementor-widget elementor-widget-text-editor\" data-id=\"7d85d20\" data-element_type=\"widget\" data-e-type=\"widget\" data-widget_type=\"text-editor.default\"> \t\t\t\t\t\t\t\t\t<p>Schnelle Reaktion auf Kundenanfragen und ein umfassendes Angebot an aufmerksamen Dienstleistungen.<\/p>\t\t\t\t\t\t\t\t<\/div> \t\t\t\t<div class=\"elementor-element elementor-element-27d683a elementor-icon-list--layout-traditional elementor-list-item-link-full_width elementor-widget elementor-widget-icon-list\" data-id=\"27d683a\" data-element_type=\"widget\" data-e-type=\"widget\" data-widget_type=\"icon-list.default\"> \t\t\t\t\t\t\t<ul class=\"elementor-icon-list-items\"> \t\t\t\t\t\t\t<li class=\"elementor-icon-list-item\"> \t\t\t\t\t\t\t\t\t\t\t<span class=\"elementor-icon-list-icon\"> \t\t\t\t\t\t\t<svg aria-hidden=\"true\" class=\"e-font-icon-svg e-fas-check\" viewbox=\"0 0 512 512\" xmlns=\"http:\/\/www.w3.org\/2000\/svg\"><path d=\"M173.898 439.404l-166.4-166.4c-9.997-9.997-9.997-26.206 0-36.204l36.203-36.204c9.997-9.998 26.207-9.998 36.204 0L192 312.69 432.095 72.596c9.997-9.997 26.207-9.997 36.204 0l36.203 36.204c9.997 9.997 9.997 26.206 0 36.204l-294.4 294.401c-9.998 9.997-26.207 9.997-36.204-.001z\"><\/path><\/svg>\t\t\t\t\t\t<\/span> \t\t\t\t\t\t\t\t\t\t<span class=\"elementor-icon-list-text\"><b>Pre-Sales<\/b>: Bieten Sie den Kunden kostenlos und schnell die notwendigen L\u00f6sungen wie Investitions- Machbarkeitsbericht, Programm-Designplanung und Anlagenplanung an. Entwerfen und fertigen Sie Kunststoffrecyclinganlagen nach Ihren Bed\u00fcrfnissen.<\/span> \t\t\t\t\t\t\t\t\t<\/li> \t\t\t\t\t\t\t\t<li class=\"elementor-icon-list-item\"> \t\t\t\t\t\t\t\t\t\t\t<span class=\"elementor-icon-list-icon\"> \t\t\t\t\t\t\t<svg aria-hidden=\"true\" class=\"e-font-icon-svg e-fas-check\" viewbox=\"0 0 512 512\" xmlns=\"http:\/\/www.w3.org\/2000\/svg\"><path d=\"M173.898 439.404l-166.4-166.4c-9.997-9.997-9.997-26.206 0-36.204l36.203-36.204c9.997-9.998 26.207-9.998 36.204 0L192 312.69 432.095 72.596c9.997-9.997 26.207-9.997 36.204 0l36.203 36.204c9.997 9.997 9.997 26.206 0 36.204l-294.4 294.401c-9.998 9.997-26.207 9.997-36.204-.001z\"><\/path><\/svg>\t\t\t\t\t\t<\/span> \t\t\t\t\t\t\t\t\t\t<span class=\"elementor-icon-list-text\"><b>Im Verkauf<\/b>: Professionelle Anpassung, fortschrittlicher Produktionsprozess, Begleitung der Kunden bei der Abnahme der Recyclinganlagen und Bereitstellung von Installationsl\u00f6sungen.<\/span> \t\t\t\t\t\t\t\t\t<\/li> \t\t\t\t\t\t\t\t<li class=\"elementor-icon-list-item\"> \t\t\t\t\t\t\t\t\t\t\t<span class=\"elementor-icon-list-icon\"> \t\t\t\t\t\t\t<svg aria-hidden=\"true\" class=\"e-font-icon-svg e-fas-check\" viewbox=\"0 0 512 512\" xmlns=\"http:\/\/www.w3.org\/2000\/svg\"><path d=\"M173.898 439.404l-166.4-166.4c-9.997-9.997-9.997-26.206 0-36.204l36.203-36.204c9.997-9.998 26.207-9.998 36.204 0L192 312.69 432.095 72.596c9.997-9.997 26.207-9.997 36.204 0l36.203 36.204c9.997 9.997 9.997 26.206 0 36.204l-294.4 294.401c-9.998 9.997-26.207 9.997-36.204-.001z\"><\/path><\/svg>\t\t\t\t\t\t<\/span> \t\t\t\t\t\t\t\t\t\t<span class=\"elementor-icon-list-text\"><b>After-Sales<\/b>: Unser professionelles After-Sales-Service-Team kann Installations- und Inbetriebnahmedienstleistungen, technische Schulungen, Ersatzteile und Verschlei\u00dfteile sowie Wartungsdienste w\u00e4hrend der Garantiezeit bereitstellen, um den normalen Betrieb der Anlagen sicherzustellen.<\/span> \t\t\t\t\t\t\t\t\t<\/li> \t\t\t\t\t\t<\/ul> \t\t\t\t\t\t<\/div> \t\t\t\t<\/div> \t\t\t\t\t<\/div> \t\t\t\t<\/div> \t\t\t\t<\/div>","protected":false},"excerpt":{"rendered":"<p>About Us About Shuliy Shuliy Machinery was established in 2011, specializing in the development and production of recycling equipment of plastic, tire, fiber, metal and paper. In more than ten years of business, Shuliy Machinery has always insisted on the mission of \u201cLetting Chinese machines change every corner of the world \u201d. We do everything [&hellip;]<\/p>\n","protected":false},"author":1,"featured_media":0,"parent":0,"menu_order":0,"comment_status":"closed","ping_status":"closed","template":"","meta":{"footnotes":""},"class_list":["post-8","page","type-page","status-publish","hentry"],"_links":{"self":[{"href":"https:\/\/shuliyplastic.com\/de\/wp-json\/wp\/v2\/pages\/8","targetHints":{"allow":["GET"]}}],"collection":[{"href":"https:\/\/shuliyplastic.com\/de\/wp-json\/wp\/v2\/pages"}],"about":[{"href":"https:\/\/shuliyplastic.com\/de\/wp-json\/wp\/v2\/types\/page"}],"author":[{"embeddable":true,"href":"https:\/\/shuliyplastic.com\/de\/wp-json\/wp\/v2\/users\/1"}],"replies":[{"embeddable":true,"href":"https:\/\/shuliyplastic.com\/de\/wp-json\/wp\/v2\/comments?post=8"}],"version-history":[{"count":0,"href":"https:\/\/shuliyplastic.com\/de\/wp-json\/wp\/v2\/pages\/8\/revisions"}],"wp:attachment":[{"href":"https:\/\/shuliyplastic.com\/de\/wp-json\/wp\/v2\/media?parent=8"}],"curies":[{"name":"wp","href":"https:\/\/api.w.org\/{rel}","templated":true}]}}